{"id":2452,"date":"2023-05-31T13:05:20","date_gmt":"2023-05-31T11:05:20","guid":{"rendered":"https:\/\/colonia-claudia-akademie.de\/?page_id=2452"},"modified":"2023-06-15T11:05:18","modified_gmt":"2023-06-15T09:05:18","slug":"kursy-jezyka-niemieckiego","status":"publish","type":"page","link":"https:\/\/colonia-claudia-akademie.de\/de\/kursy-jezyka-niemieckiego\/","title":{"rendered":"Kursy j\u0119zyka niemieckiego"},"content":{"rendered":"<h3 class=\"wp-block-heading\">Kursy j\u0119zyka niemieckiego<\/h3>\n\n\n\n<div style=\"height:50px\" aria-hidden=\"true\" class=\"wp-block-spacer\"><\/div>\n\n\n\n<div class=\"wp-block-group alignfull has-background\" style=\"background-color:#f9f9f9\"><div class=\"wp-block-group__inner-container is-layout-flow wp-block-group-is-layout-flow\">\n<div class=\"wp-block-columns alignwide is-layout-flex wp-container-core-columns-is-layout-1 wp-block-columns-is-layout-flex\">\n<div class=\"wp-block-column is-vertically-aligned-top is-layout-flow wp-block-column-is-layout-flow\" style=\"flex-basis:30%\">\n<p class=\"has-text-color\" style=\"color:#000000;font-size:30px;line-height:1.1\">Kindergarten<\/p>\n<\/div>\n\n\n\n<div class=\"wp-block-column is-vertically-aligned-bottom is-layout-flow wp-block-column-is-layout-flow\" style=\"flex-basis:70%\">\n<hr class=\"wp-block-separator has-text-color has-alpha-channel-opacity has-background is-style-wide\" style=\"background-color:#fbb91c;color:#fbb91c\"\/>\n<\/div>\n<\/div>\n\n\n\n<div class=\"wp-block-columns alignwide is-layout-flex wp-container-core-columns-is-layout-3 wp-block-columns-is-layout-flex\">\n<div class=\"wp-block-column is-vertically-aligned-top is-layout-flow wp-block-column-is-layout-flow\" style=\"flex-basis:30%\">\n<p class=\"has-text-color\" style=\"color:#000000;font-size:20px;line-height:1.1\">Kurse<\/p>\n<\/div>\n\n\n\n<div class=\"wp-block-column is-layout-flow wp-block-column-is-layout-flow\" style=\"flex-basis:70%\">\n<div class=\"wp-block-columns is-layout-flex wp-container-core-columns-is-layout-2 wp-block-columns-is-layout-flex\">\n<div class=\"wp-block-column is-layout-flow wp-block-column-is-layout-flow\" style=\"flex-basis:70%\">\n<p>Istnieje mo\u017cliwo\u015b\u0107 utworzenia nowych grup. Prosz\u0119 o kontakt telefoniczny lub drog\u0105 mailow\u0105.<\/p>\n<\/div>\n\n\n\n<div class=\"wp-block-column is-layout-flow wp-block-column-is-layout-flow\" style=\"flex-basis:30%\">\n<div class=\"wp-block-buttons has-custom-font-size is-layout-flex wp-block-buttons-is-layout-flex\" style=\"font-size:14px;text-transform:capitalize\">\n<div class=\"wp-block-button has-custom-font-size is-style-fill\" style=\"font-size:14px\"><a class=\"wp-block-button__link has-gray-background-color has-background wp-element-button\" href=\"https:\/\/colonia-claudia-akademie.de\/de\/#kontakt\" style=\"border-radius:3px\">Skontaktuj si\u0119<\/a><\/div>\n<\/div>\n<\/div>\n<\/div>\n<\/div>\n<\/div>\n<\/div><\/div>\n\n\n\n<div style=\"height:50px\" aria-hidden=\"true\" class=\"wp-block-spacer\"><\/div>\n\n\n\n<div class=\"wp-block-group alignfull has-background\" style=\"background-color:#f9f9f9\"><div class=\"wp-block-group__inner-container is-layout-flow wp-block-group-is-layout-flow\">\n<div class=\"wp-block-columns alignwide is-layout-flex wp-container-core-columns-is-layout-4 wp-block-columns-is-layout-flex\">\n<div class=\"wp-block-column is-vertically-aligned-top is-layout-flow wp-block-column-is-layout-flow\" style=\"flex-basis:30%\">\n<p class=\"has-text-color\" style=\"color:#000000;font-size:30px;line-height:1.1\">Kinder &amp; Teens<\/p>\n<\/div>\n\n\n\n<div class=\"wp-block-column is-vertically-aligned-bottom is-layout-flow wp-block-column-is-layout-flow\" style=\"flex-basis:70%\">\n<hr class=\"wp-block-separator has-text-color has-alpha-channel-opacity has-background is-style-wide\" style=\"background-color:#fbb91c;color:#fbb91c\"\/>\n<\/div>\n<\/div>\n\n\n\n<div class=\"wp-block-columns alignwide is-layout-flex wp-container-core-columns-is-layout-8 wp-block-columns-is-layout-flex\">\n<div class=\"wp-block-column is-vertically-aligned-top is-layout-flow wp-block-column-is-layout-flow\" style=\"flex-basis:30%\">\n<p class=\"has-text-color\" style=\"color:#000000;font-size:20px;line-height:1.1\">Kurse<\/p>\n<\/div>\n\n\n\n<div class=\"wp-block-column is-layout-flow wp-block-column-is-layout-flow\" style=\"flex-basis:70%\">\n<div class=\"wp-block-columns is-layout-flex wp-container-core-columns-is-layout-5 wp-block-columns-is-layout-flex\">\n<div class=\"wp-block-column is-layout-flow wp-block-column-is-layout-flow\" style=\"flex-basis:70%\">\n<p><img loading=\"lazy\" decoding=\"async\" width=\"50\" height=\"36\" class=\"wp-image-2613\" style=\"width: 50px;\" src=\"https:\/\/colonia-claudia-akademie.de\/wp-content\/uploads\/2023\/06\/Grupa-Haribo.png\" alt=\"Logo Grupy Haribo\" srcset=\"https:\/\/colonia-claudia-akademie.de\/wp-content\/uploads\/2023\/06\/Grupa-Haribo.png 350w, https:\/\/colonia-claudia-akademie.de\/wp-content\/uploads\/2023\/06\/Grupa-Haribo-300x214.png 300w, https:\/\/colonia-claudia-akademie.de\/wp-content\/uploads\/2023\/06\/Grupa-Haribo-18x12.png 18w\" sizes=\"(max-width: 50px) 100vw, 50px\" \/><a href=\"https:\/\/colonia-claudia-akademie.de\/de\/kursy-jezyka-niemieckiego\/grupa-haribo\/\"> <strong>Grupa Haribo<\/strong> &#8211; klasa 3\/4 &#8211; kontynuacja<\/a><\/p>\n<\/div>\n\n\n\n<div class=\"wp-block-column is-layout-flow wp-block-column-is-layout-flow\" style=\"flex-basis:30%\">\n<div class=\"wp-block-buttons has-custom-font-size is-layout-flex wp-block-buttons-is-layout-flex\" style=\"font-size:14px;text-transform:capitalize\">\n<div class=\"wp-block-button has-custom-font-size is-style-fill\" style=\"font-size:14px\"><a class=\"wp-block-button__link has-gray-background-color has-background wp-element-button\" href=\"https:\/\/colonia-claudia-akademie.de\/de\/kursy-jezyka-niemieckiego\/grupa-haribo\/\" style=\"border-radius:3px\">Szczeg\u00f3\u0142y \/ zapisy<\/a><\/div>\n<\/div>\n<\/div>\n<\/div>\n\n\n\n<div class=\"wp-block-columns is-layout-flex wp-container-core-columns-is-layout-6 wp-block-columns-is-layout-flex\">\n<div class=\"wp-block-column is-layout-flow wp-block-column-is-layout-flow\" style=\"flex-basis:70%\">\n<p><img loading=\"lazy\" decoding=\"async\" width=\"50\" height=\"36\" class=\"wp-image-2622\" style=\"width: 50px;\" src=\"https:\/\/colonia-claudia-akademie.de\/wp-content\/uploads\/2023\/06\/Grupa-Kinder-Bueno.png\" alt=\"Logo Grupy Kinder Bueno\" srcset=\"https:\/\/colonia-claudia-akademie.de\/wp-content\/uploads\/2023\/06\/Grupa-Kinder-Bueno.png 350w, https:\/\/colonia-claudia-akademie.de\/wp-content\/uploads\/2023\/06\/Grupa-Kinder-Bueno-300x214.png 300w, https:\/\/colonia-claudia-akademie.de\/wp-content\/uploads\/2023\/06\/Grupa-Kinder-Bueno-18x12.png 18w\" sizes=\"(max-width: 50px) 100vw, 50px\" \/> <a href=\"https:\/\/colonia-claudia-akademie.de\/de\/kursy-jezyka-niemieckiego\/grupa-kinder-bueno\/\"><strong>Grupa Kinder Bueno<\/strong> &#8211; klasa 4\/5 &#8211; kontynuacja<\/a><\/p>\n<\/div>\n\n\n\n<div class=\"wp-block-column is-layout-flow wp-block-column-is-layout-flow\" style=\"flex-basis:30%\">\n<div class=\"wp-block-buttons is-layout-flex wp-block-buttons-is-layout-flex\">\n<div class=\"wp-block-button has-custom-font-size is-style-fill\" style=\"font-size:14px;text-transform:capitalize\"><a class=\"wp-block-button__link has-gray-background-color has-background wp-element-button\" href=\"https:\/\/colonia-claudia-akademie.de\/de\/kursy-jezyka-niemieckiego\/grupa-kinder-bueno\/\" style=\"border-radius:3px\">Szczeg\u00f3\u0142y \/ zapisy<\/a><\/div>\n<\/div>\n<\/div>\n<\/div>\n\n\n\n<div class=\"wp-block-columns is-layout-flex wp-container-core-columns-is-layout-7 wp-block-columns-is-layout-flex\">\n<div class=\"wp-block-column is-layout-flow wp-block-column-is-layout-flow\" style=\"flex-basis:70%\">\n<p>Istnieje mo\u017cliwo\u015b\u0107 utworzenia kolejnych grup. Prosz\u0119 o kontakt telefoniczny lub drog\u0105 mailow\u0105.<\/p>\n<\/div>\n\n\n\n<div class=\"wp-block-column is-layout-flow wp-block-column-is-layout-flow\" style=\"flex-basis:30%\">\n<div class=\"wp-block-buttons is-layout-flex wp-block-buttons-is-layout-flex\">\n<div class=\"wp-block-button has-custom-font-size is-style-fill\" style=\"font-size:14px;text-transform:capitalize\"><a class=\"wp-block-button__link has-gray-background-color has-background wp-element-button\" href=\"https:\/\/colonia-claudia-akademie.de\/de\/#kontakt\" style=\"border-radius:3px\">Skontaktuj si\u0119<\/a><\/div>\n<\/div>\n<\/div>\n<\/div>\n<\/div>\n<\/div>\n<\/div><\/div>\n\n\n\n<div style=\"height:50px\" aria-hidden=\"true\" class=\"wp-block-spacer\"><\/div>\n\n\n\n<div class=\"wp-block-group alignfull has-background\" style=\"background-color:#f9f9f9\"><div class=\"wp-block-group__inner-container is-layout-flow wp-block-group-is-layout-flow\">\n<div class=\"wp-block-columns alignwide is-layout-flex wp-container-core-columns-is-layout-9 wp-block-columns-is-layout-flex\">\n<div class=\"wp-block-column is-vertically-aligned-top is-layout-flow wp-block-column-is-layout-flow\" style=\"flex-basis:30%\">\n<p class=\"has-text-color\" style=\"color:#000000;font-size:30px;line-height:1.1\">8. Klasse und Abitur<\/p>\n<\/div>\n\n\n\n<div class=\"wp-block-column is-vertically-aligned-bottom is-layout-flow wp-block-column-is-layout-flow\" style=\"flex-basis:70%\">\n<hr class=\"wp-block-separator has-text-color has-alpha-channel-opacity has-background is-style-wide\" style=\"background-color:#fbb91c;color:#fbb91c\"\/>\n<\/div>\n<\/div>\n\n\n\n<div class=\"wp-block-columns alignwide is-layout-flex wp-container-core-columns-is-layout-11 wp-block-columns-is-layout-flex\">\n<div class=\"wp-block-column is-vertically-aligned-top is-layout-flow wp-block-column-is-layout-flow\" style=\"flex-basis:30%\">\n<p class=\"has-text-color\" style=\"color:#000000;font-size:20px;line-height:1.1\">Kurse<\/p>\n<\/div>\n\n\n\n<div class=\"wp-block-column is-layout-flow wp-block-column-is-layout-flow\" style=\"flex-basis:70%\">\n<div class=\"wp-block-columns is-layout-flex wp-container-core-columns-is-layout-10 wp-block-columns-is-layout-flex\">\n<div class=\"wp-block-column is-layout-flow wp-block-column-is-layout-flow\" style=\"flex-basis:70%\">\n<p>Istnieje mo\u017cliwo\u015b\u0107 utworzenia nowych grup. Prosz\u0119 o kontakt telefoniczny lub drog\u0105 mailow\u0105.<\/p>\n<\/div>\n\n\n\n<div class=\"wp-block-column is-layout-flow wp-block-column-is-layout-flow\" style=\"flex-basis:30%\">\n<div class=\"wp-block-buttons has-custom-font-size is-layout-flex wp-block-buttons-is-layout-flex\" style=\"font-size:14px;text-transform:capitalize\">\n<div class=\"wp-block-button has-custom-font-size is-style-fill\" style=\"font-size:14px\"><a class=\"wp-block-button__link has-gray-background-color has-background wp-element-button\" href=\"https:\/\/colonia-claudia-akademie.de\/de\/#kontakt\" style=\"border-radius:3px\">Skontaktuj si\u0119<\/a><\/div>\n<\/div>\n<\/div>\n<\/div>\n<\/div>\n<\/div>\n<\/div><\/div>\n\n\n\n<div style=\"height:50px\" aria-hidden=\"true\" class=\"wp-block-spacer\"><\/div>\n\n\n\n<div class=\"wp-block-group alignfull has-background\" style=\"background-color:#f9f9f9\"><div class=\"wp-block-group__inner-container is-layout-flow wp-block-group-is-layout-flow\">\n<div class=\"wp-block-columns alignwide is-layout-flex wp-container-core-columns-is-layout-12 wp-block-columns-is-layout-flex\">\n<div class=\"wp-block-column is-vertically-aligned-top is-layout-flow wp-block-column-is-layout-flow\" style=\"flex-basis:30%\">\n<p class=\"has-text-color\" style=\"color:#000000;font-size:30px;line-height:1.1\">Erwachsenenkurs<\/p>\n<\/div>\n\n\n\n<div class=\"wp-block-column is-vertically-aligned-bottom is-layout-flow wp-block-column-is-layout-flow\" style=\"flex-basis:70%\">\n<hr class=\"wp-block-separator has-text-color has-alpha-channel-opacity has-background is-style-wide\" style=\"background-color:#fbb91c;color:#fbb91c\"\/>\n<\/div>\n<\/div>\n\n\n\n<div class=\"wp-block-columns alignwide is-layout-flex wp-container-core-columns-is-layout-14 wp-block-columns-is-layout-flex\">\n<div class=\"wp-block-column is-vertically-aligned-top is-layout-flow wp-block-column-is-layout-flow\" style=\"flex-basis:30%\">\n<p class=\"has-text-color\" style=\"color:#000000;font-size:20px;line-height:1.1\">Kurse<\/p>\n<\/div>\n\n\n\n<div class=\"wp-block-column is-layout-flow wp-block-column-is-layout-flow\" style=\"flex-basis:70%\">\n<div class=\"wp-block-columns is-layout-flex wp-container-core-columns-is-layout-13 wp-block-columns-is-layout-flex\">\n<div class=\"wp-block-column is-layout-flow wp-block-column-is-layout-flow\" style=\"flex-basis:70%\">\n<p>Istnieje mo\u017cliwo\u015b\u0107 utworzenia nowych grup. Prosz\u0119 o kontakt telefoniczny lub drog\u0105 mailow\u0105.<\/p>\n<\/div>\n\n\n\n<div class=\"wp-block-column is-layout-flow wp-block-column-is-layout-flow\" style=\"flex-basis:30%\">\n<div class=\"wp-block-buttons has-custom-font-size is-layout-flex wp-block-buttons-is-layout-flex\" style=\"font-size:14px;text-transform:capitalize\">\n<div class=\"wp-block-button has-custom-font-size is-style-fill\" style=\"font-size:14px\"><a class=\"wp-block-button__link has-gray-background-color has-background wp-element-button\" href=\"https:\/\/colonia-claudia-akademie.de\/de\/#kontakt\" style=\"border-radius:3px\">Skontaktuj si\u0119<\/a><\/div>\n<\/div>\n<\/div>\n<\/div>\n<\/div>\n<\/div>\n<\/div><\/div>\n\n\n\n<div style=\"height:50px\" aria-hidden=\"true\" class=\"wp-block-spacer\"><\/div>\n\n\n\n<div class=\"wp-block-group alignfull has-background\" style=\"background-color:#f9f9f9\"><div class=\"wp-block-group__inner-container is-layout-flow wp-block-group-is-layout-flow\">\n<div class=\"wp-block-columns alignwide is-layout-flex wp-container-core-columns-is-layout-15 wp-block-columns-is-layout-flex\">\n<div class=\"wp-block-column is-vertically-aligned-top is-layout-flow wp-block-column-is-layout-flow\" style=\"flex-basis:30%\">\n<p class=\"has-text-color\" style=\"color:#000000;font-size:30px;line-height:1.1\">One2One (lub pairs)<\/p>\n<\/div>\n\n\n\n<div class=\"wp-block-column is-vertically-aligned-bottom is-layout-flow wp-block-column-is-layout-flow\" style=\"flex-basis:70%\">\n<hr class=\"wp-block-separator has-text-color has-alpha-channel-opacity has-background is-style-wide\" style=\"background-color:#fbb91c;color:#fbb91c\"\/>\n<\/div>\n<\/div>\n\n\n\n<div class=\"wp-block-columns alignwide is-layout-flex wp-container-core-columns-is-layout-17 wp-block-columns-is-layout-flex\">\n<div class=\"wp-block-column is-vertically-aligned-top is-layout-flow wp-block-column-is-layout-flow\" style=\"flex-basis:30%\">\n<p class=\"has-text-color\" style=\"color:#000000;font-size:20px;line-height:1.1\">Kurse<\/p>\n<\/div>\n\n\n\n<div class=\"wp-block-column is-layout-flow wp-block-column-is-layout-flow\" style=\"flex-basis:70%\">\n<div class=\"wp-block-columns is-layout-flex wp-container-core-columns-is-layout-16 wp-block-columns-is-layout-flex\">\n<div class=\"wp-block-column is-layout-flow wp-block-column-is-layout-flow\" style=\"flex-basis:70%\">\n<p>Je\u017celi chcia\u0142by\u015b rozpocz\u0105\u0107 ze mn\u0105 nauk\u0119, zadzwo\u0144 lub napisz!<\/p>\n<\/div>\n\n\n\n<div class=\"wp-block-column is-layout-flow wp-block-column-is-layout-flow\" style=\"flex-basis:30%\">\n<div class=\"wp-block-buttons has-custom-font-size is-layout-flex wp-block-buttons-is-layout-flex\" style=\"font-size:14px;text-transform:capitalize\">\n<div class=\"wp-block-button has-custom-font-size is-style-fill\" style=\"font-size:14px\"><a class=\"wp-block-button__link has-gray-background-color has-background wp-element-button\" href=\"https:\/\/colonia-claudia-akademie.de\/de\/#kontakt\" style=\"border-radius:3px\">Skontaktuj si\u0119<\/a><\/div>\n<\/div>\n<\/div>\n<\/div>\n<\/div>\n<\/div>\n<\/div><\/div>","protected":false},"excerpt":{"rendered":"<p>Kursy j\u0119zyka niemieckiego Kindergarten Kursy Istnieje mo\u017cliwo\u015b\u0107 utworzenia nowych grup. Prosz\u0119 o kontakt telefoniczny lub drog\u0105 mailow\u0105. Kinder &amp; Teens Kursy Grupa Haribo &#8211; klasa 3\/4 &#8211; kontynuacja Grupa Kinder Bueno &#8211; klasa 4\/5 &#8211; kontynuacja Istnieje mo\u017cliwo\u015b\u0107 utworzenia kolejnych grup. Prosz\u0119 o kontakt telefoniczny lub drog\u0105 mailow\u0105. 8 klasa [&hellip;]<\/p>","protected":false},"author":2,"featured_media":1152,"parent":0,"menu_order":3,"comment_status":"closed","ping_status":"closed","template":"","meta":{"footnotes":""},"yoast_head":"<!-- This site is optimized with the Yoast SEO plugin v22.7 - https:\/\/yoast.com\/wordpress\/plugins\/seo\/ -->\n<title>Kursy j\u0119zyka niemieckiego - Colonia Akademie<\/title>\n<meta name=\"robots\" content=\"index, follow, max-snippet:-1, max-image-preview:large, max-video-preview:-1\" \/>\n<link rel=\"canonical\" href=\"https:\/\/colonia-claudia-akademie.de\/de\/kursy-jezyka-niemieckiego\/\" \/>\n<meta property=\"og:locale\" content=\"de_DE\" \/>\n<meta property=\"og:type\" content=\"article\" \/>\n<meta property=\"og:title\" content=\"Kursy j\u0119zyka niemieckiego - Colonia Akademie\" \/>\n<meta property=\"og:description\" content=\"Kursy j\u0119zyka niemieckiego Kindergarten Kursy Istnieje mo\u017cliwo\u015b\u0107 utworzenia nowych grup. Prosz\u0119 o kontakt telefoniczny lub drog\u0105 mailow\u0105. Kinder &amp; Teens Kursy Grupa Haribo &#8211; klasa 3\/4 &#8211; kontynuacja Grupa Kinder Bueno &#8211; klasa 4\/5 &#8211; kontynuacja Istnieje mo\u017cliwo\u015b\u0107 utworzenia kolejnych grup. Prosz\u0119 o kontakt telefoniczny lub drog\u0105 mailow\u0105. 8 klasa [&hellip;]\" \/>\n<meta property=\"og:url\" content=\"https:\/\/colonia-claudia-akademie.de\/de\/kursy-jezyka-niemieckiego\/\" \/>\n<meta property=\"og:site_name\" content=\"Colonia Akademie\" \/>\n<meta property=\"article:modified_time\" content=\"2023-06-15T09:05:18+00:00\" \/>\n<meta property=\"og:image\" content=\"https:\/\/colonia-claudia-akademie.de\/wp-content\/uploads\/2022\/08\/fun_3144_1920x800.png\" \/>\n\t<meta property=\"og:image:width\" content=\"1920\" \/>\n\t<meta property=\"og:image:height\" content=\"801\" \/>\n\t<meta property=\"og:image:type\" content=\"image\/png\" \/>\n<meta name=\"twitter:card\" content=\"summary_large_image\" \/>\n<meta name=\"twitter:label1\" content=\"Gesch\u00e4tzte Lesezeit\" \/>\n\t<meta name=\"twitter:data1\" content=\"2\u00a0Minuten\" \/>\n<script type=\"application\/ld+json\" class=\"yoast-schema-graph\">{\"@context\":\"https:\/\/schema.org\",\"@graph\":[{\"@type\":\"WebPage\",\"@id\":\"https:\/\/colonia-claudia-akademie.de\/kursy-jezyka-niemieckiego\/\",\"url\":\"https:\/\/colonia-claudia-akademie.de\/kursy-jezyka-niemieckiego\/\",\"name\":\"Kursy j\u0119zyka niemieckiego - Colonia Akademie\",\"isPartOf\":{\"@id\":\"https:\/\/colonia-claudia-akademie.de\/#website\"},\"primaryImageOfPage\":{\"@id\":\"https:\/\/colonia-claudia-akademie.de\/kursy-jezyka-niemieckiego\/#primaryimage\"},\"image\":{\"@id\":\"https:\/\/colonia-claudia-akademie.de\/kursy-jezyka-niemieckiego\/#primaryimage\"},\"thumbnailUrl\":\"https:\/\/colonia-claudia-akademie.de\/wp-content\/uploads\/2022\/08\/fun_3144_1920x800.png\",\"datePublished\":\"2023-05-31T11:05:20+00:00\",\"dateModified\":\"2023-06-15T09:05:18+00:00\",\"breadcrumb\":{\"@id\":\"https:\/\/colonia-claudia-akademie.de\/kursy-jezyka-niemieckiego\/#breadcrumb\"},\"inLanguage\":\"de\",\"potentialAction\":[{\"@type\":\"ReadAction\",\"target\":[\"https:\/\/colonia-claudia-akademie.de\/kursy-jezyka-niemieckiego\/\"]}]},{\"@type\":\"ImageObject\",\"inLanguage\":\"de\",\"@id\":\"https:\/\/colonia-claudia-akademie.de\/kursy-jezyka-niemieckiego\/#primaryimage\",\"url\":\"https:\/\/colonia-claudia-akademie.de\/wp-content\/uploads\/2022\/08\/fun_3144_1920x800.png\",\"contentUrl\":\"https:\/\/colonia-claudia-akademie.de\/wp-content\/uploads\/2022\/08\/fun_3144_1920x800.png\",\"width\":1920,\"height\":801,\"caption\":\"Colonia Claudia Akademie\"},{\"@type\":\"BreadcrumbList\",\"@id\":\"https:\/\/colonia-claudia-akademie.de\/kursy-jezyka-niemieckiego\/#breadcrumb\",\"itemListElement\":[{\"@type\":\"ListItem\",\"position\":1,\"name\":\"Strona g\u0142\u00f3wna\",\"item\":\"https:\/\/colonia-claudia-akademie.de\/\"},{\"@type\":\"ListItem\",\"position\":2,\"name\":\"Kursy j\u0119zyka niemieckiego\"}]},{\"@type\":\"WebSite\",\"@id\":\"https:\/\/colonia-claudia-akademie.de\/#website\",\"url\":\"https:\/\/colonia-claudia-akademie.de\/\",\"name\":\"Colonia Akademie\",\"description\":\"Claudia Brymm\",\"publisher\":{\"@id\":\"https:\/\/colonia-claudia-akademie.de\/#organization\"},\"potentialAction\":[{\"@type\":\"SearchAction\",\"target\":{\"@type\":\"EntryPoint\",\"urlTemplate\":\"https:\/\/colonia-claudia-akademie.de\/?s={search_term_string}\"},\"query-input\":\"required name=search_term_string\"}],\"inLanguage\":\"de\"},{\"@type\":\"Organization\",\"@id\":\"https:\/\/colonia-claudia-akademie.de\/#organization\",\"name\":\"Colonia Claudia Akademie\",\"url\":\"https:\/\/colonia-claudia-akademie.de\/\",\"logo\":{\"@type\":\"ImageObject\",\"inLanguage\":\"de\",\"@id\":\"https:\/\/colonia-claudia-akademie.de\/#\/schema\/logo\/image\/\",\"url\":\"https:\/\/colonia-claudia-akademie.de\/wp-content\/uploads\/2022\/08\/cropped-Hallo.png\",\"contentUrl\":\"https:\/\/colonia-claudia-akademie.de\/wp-content\/uploads\/2022\/08\/cropped-Hallo.png\",\"width\":2040,\"height\":1136,\"caption\":\"Colonia Claudia Akademie\"},\"image\":{\"@id\":\"https:\/\/colonia-claudia-akademie.de\/#\/schema\/logo\/image\/\"}}]}<\/script>\n<!-- \/ Yoast SEO plugin. -->","yoast_head_json":{"title":"Kursy j\u0119zyka niemieckiego - Colonia Akademie","robots":{"index":"index","follow":"follow","max-snippet":"max-snippet:-1","max-image-preview":"max-image-preview:large","max-video-preview":"max-video-preview:-1"},"canonical":"https:\/\/colonia-claudia-akademie.de\/de\/kursy-jezyka-niemieckiego\/","og_locale":"de_DE","og_type":"article","og_title":"Kursy j\u0119zyka niemieckiego - Colonia Akademie","og_description":"Kursy j\u0119zyka niemieckiego Kindergarten Kursy Istnieje mo\u017cliwo\u015b\u0107 utworzenia nowych grup. Prosz\u0119 o kontakt telefoniczny lub drog\u0105 mailow\u0105. Kinder &amp; Teens Kursy Grupa Haribo &#8211; klasa 3\/4 &#8211; kontynuacja Grupa Kinder Bueno &#8211; klasa 4\/5 &#8211; kontynuacja Istnieje mo\u017cliwo\u015b\u0107 utworzenia kolejnych grup. Prosz\u0119 o kontakt telefoniczny lub drog\u0105 mailow\u0105. 8 klasa [&hellip;]","og_url":"https:\/\/colonia-claudia-akademie.de\/de\/kursy-jezyka-niemieckiego\/","og_site_name":"Colonia Akademie","article_modified_time":"2023-06-15T09:05:18+00:00","og_image":[{"width":1920,"height":801,"url":"https:\/\/colonia-claudia-akademie.de\/wp-content\/uploads\/2022\/08\/fun_3144_1920x800.png","type":"image\/png"}],"twitter_card":"summary_large_image","twitter_misc":{"Gesch\u00e4tzte Lesezeit":"2\u00a0Minuten"},"schema":{"@context":"https:\/\/schema.org","@graph":[{"@type":"WebPage","@id":"https:\/\/colonia-claudia-akademie.de\/kursy-jezyka-niemieckiego\/","url":"https:\/\/colonia-claudia-akademie.de\/kursy-jezyka-niemieckiego\/","name":"Kursy j\u0119zyka niemieckiego - Colonia Akademie","isPartOf":{"@id":"https:\/\/colonia-claudia-akademie.de\/#website"},"primaryImageOfPage":{"@id":"https:\/\/colonia-claudia-akademie.de\/kursy-jezyka-niemieckiego\/#primaryimage"},"image":{"@id":"https:\/\/colonia-claudia-akademie.de\/kursy-jezyka-niemieckiego\/#primaryimage"},"thumbnailUrl":"https:\/\/colonia-claudia-akademie.de\/wp-content\/uploads\/2022\/08\/fun_3144_1920x800.png","datePublished":"2023-05-31T11:05:20+00:00","dateModified":"2023-06-15T09:05:18+00:00","breadcrumb":{"@id":"https:\/\/colonia-claudia-akademie.de\/kursy-jezyka-niemieckiego\/#breadcrumb"},"inLanguage":"de","potentialAction":[{"@type":"ReadAction","target":["https:\/\/colonia-claudia-akademie.de\/kursy-jezyka-niemieckiego\/"]}]},{"@type":"ImageObject","inLanguage":"de","@id":"https:\/\/colonia-claudia-akademie.de\/kursy-jezyka-niemieckiego\/#primaryimage","url":"https:\/\/colonia-claudia-akademie.de\/wp-content\/uploads\/2022\/08\/fun_3144_1920x800.png","contentUrl":"https:\/\/colonia-claudia-akademie.de\/wp-content\/uploads\/2022\/08\/fun_3144_1920x800.png","width":1920,"height":801,"caption":"Colonia Claudia Akademie"},{"@type":"BreadcrumbList","@id":"https:\/\/colonia-claudia-akademie.de\/kursy-jezyka-niemieckiego\/#breadcrumb","itemListElement":[{"@type":"ListItem","position":1,"name":"Strona g\u0142\u00f3wna","item":"https:\/\/colonia-claudia-akademie.de\/"},{"@type":"ListItem","position":2,"name":"Kursy j\u0119zyka niemieckiego"}]},{"@type":"WebSite","@id":"https:\/\/colonia-claudia-akademie.de\/#website","url":"https:\/\/colonia-claudia-akademie.de\/","name":"Colonia Akademie","description":"Claudia Brymm","publisher":{"@id":"https:\/\/colonia-claudia-akademie.de\/#organization"},"potentialAction":[{"@type":"SearchAction","target":{"@type":"EntryPoint","urlTemplate":"https:\/\/colonia-claudia-akademie.de\/?s={search_term_string}"},"query-input":"required name=search_term_string"}],"inLanguage":"de"},{"@type":"Organization","@id":"https:\/\/colonia-claudia-akademie.de\/#organization","name":"Colonia Claudia Akademie","url":"https:\/\/colonia-claudia-akademie.de\/","logo":{"@type":"ImageObject","inLanguage":"de","@id":"https:\/\/colonia-claudia-akademie.de\/#\/schema\/logo\/image\/","url":"https:\/\/colonia-claudia-akademie.de\/wp-content\/uploads\/2022\/08\/cropped-Hallo.png","contentUrl":"https:\/\/colonia-claudia-akademie.de\/wp-content\/uploads\/2022\/08\/cropped-Hallo.png","width":2040,"height":1136,"caption":"Colonia Claudia Akademie"},"image":{"@id":"https:\/\/colonia-claudia-akademie.de\/#\/schema\/logo\/image\/"}}]}},"_links":{"self":[{"href":"https:\/\/colonia-claudia-akademie.de\/de\/wp-json\/wp\/v2\/pages\/2452"}],"collection":[{"href":"https:\/\/colonia-claudia-akademie.de\/de\/wp-json\/wp\/v2\/pages"}],"about":[{"href":"https:\/\/colonia-claudia-akademie.de\/de\/wp-json\/wp\/v2\/types\/page"}],"author":[{"embeddable":true,"href":"https:\/\/colonia-claudia-akademie.de\/de\/wp-json\/wp\/v2\/users\/2"}],"replies":[{"embeddable":true,"href":"https:\/\/colonia-claudia-akademie.de\/de\/wp-json\/wp\/v2\/comments?post=2452"}],"version-history":[{"count":12,"href":"https:\/\/colonia-claudia-akademie.de\/de\/wp-json\/wp\/v2\/pages\/2452\/revisions"}],"predecessor-version":[{"id":2642,"href":"https:\/\/colonia-claudia-akademie.de\/de\/wp-json\/wp\/v2\/pages\/2452\/revisions\/2642"}],"wp:featuredmedia":[{"embeddable":true,"href":"https:\/\/colonia-claudia-akademie.de\/de\/wp-json\/wp\/v2\/media\/1152"}],"wp:attachment":[{"href":"https:\/\/colonia-claudia-akademie.de\/de\/wp-json\/wp\/v2\/media?parent=2452"}],"curies":[{"name":"wp","href":"https:\/\/api.w.org\/{rel}","templated":true}]}}