{"id":2702,"date":"2023-06-15T17:05:03","date_gmt":"2023-06-15T15:05:03","guid":{"rendered":"https:\/\/colonia-claudia-akademie.de\/?page_id=2702"},"modified":"2023-06-21T10:44:20","modified_gmt":"2023-06-21T08:44:20","slug":"regulamin","status":"publish","type":"page","link":"https:\/\/colonia-claudia-akademie.de\/de\/regulamin\/","title":{"rendered":"Regulamin"},"content":{"rendered":"<h4 class=\"wp-block-heading\">Regulamin<\/h4>\n\n\n\n<p>Zasady dotycz\u0105ce wpisowego na kursy grupowe z j. angielskiego i j. niemieckiego<\/p>\n\n\n\n<p>Terminologia:<br>Jako Szko\u0142a lub Firma okre\u015bla si\u0119 Colonia Claudia Akademie \u015bwiadcz\u0105c\u0105 us\u0142ugi szkoleniowe, z siedzib\u0105 przy ul. Rogozi\u0144skiego 18D, 44-105 Gliwice, wpisan\u0105 do Centralnej Ewidencji i Informacji o Dzia\u0142alno\u015bci Gospodarczej (CEIDIG) prowadzonej przez ministra w\u0142a\u015bciwego ds. gospodarki, NIP 9691651927, REGON 522239518.<\/p>\n\n\n\n<p>Klientem lub Zamawiaj\u0105cym okre\u015bla si\u0119 osoby, kt\u00f3re wp\u0142acaj\u0105 wpisowe, tym samym staj\u0105c si\u0119 Klientami Firmy.<\/p>\n\n\n\n<p>Wpisowe to kwota 100 z\u0142, jak\u0105 Klient wp\u0142aca Firmie, by m\u00f3c by\u0107 branym pod uwag\u0119 podczas tworzenia kurs\u00f3w. Kwota wpisowego odliczana jest od ca\u0142ego kosztu kursu.<\/p>\n\n\n\n<ol>\n<li>Najcz\u0119stsz\u0105 praktyk\u0105 jest w\u0142\u0105czenie wpisowego do \u0142\u0105cznej kwoty op\u0142at za wykupiony Kurs \u2013 w\u00f3wczas figuruje ono w tych op\u0142atach jako rabat kwotowy r\u00f3wny wysoko\u015bci Wpisowego i mo\u017ce by\u0107 wystawiana na nie odr\u0119bna faktura. Colonia Claudia Akademie mo\u017ce te\u017c na pro\u015bb\u0119 Zamawiaj\u0105cego w takiej sytuacji zwr\u00f3ci\u0107 wpisowe w terminie do 30-stu dni roboczych na konto, z kt\u00f3rego nast\u0105pi\u0142 przelew Wpisowego lub na konto zadeklarowane przez Zamawiaj\u0105cego, co musi nast\u0105pi\u0107 pisemnie: albo z adresu e-mail podanego w formularzu rejestracyjnym, albo SMS-em z nr-u tel. podanego w tym samym formularzu. W\u00f3wczas koszt zakupu kursu wzro\u015bnie odpowiednio o zwr\u00f3cone wpisowe. Wpisowe mo\u017ce tak\u017ce \u2013 w wyniku wcze\u015bniejszych ustale\u0144 Stron i w zale\u017cno\u015bci od danego Kursu \u2013 by\u0107 przeznaczone na op\u0142aty, np. za materia\u0142y potrzebne Uczestnikom do uczestniczenia w Kursie.<\/li>\n\n\n\n<li>Wpisowe jest zwracane Zamawiaj\u0105cemu w ca\u0142o\u015bci tak\u017ce w nast\u0119puj\u0105cych sytuacjach:<\/li>\n\n\n\n<li>Je\u015bli Uczestnik z jakiego\u015b wzgl\u0119du nie powinien ucz\u0119szcza\u0107 na kurs w danej grupie (decyzja Colonia Claudia Akademie), Firma poinformuje o tym Zamawiaj\u0105cego najdalej 1 dzie\u0144 po ostatniej lekcji pr\u00f3bnej (jako lekcj\u0119 pr\u00f3bn\u0105 traktuje si\u0119 pierwsz\u0105 lekcj\u0119 we wrze\u015bniu).<\/li>\n\n\n\n<li>Strony mog\u0105 tak\u017ce uzgodni\u0107 dodatkowe okresy oczekiwania na utworzenie si\u0119 odpowiedniej Grupy \u2013 w\u00f3wczas wpisowe nie zostanie zwr\u00f3cone przez ustalony dodatkowy okres oczekiwania, negocjowany drog\u0105 mailow\u0105 lub SMS-ow\u0105 w celu szybkiego i wygodnego udokumentowania ustale\u0144 w ustalonych indywidualnie przez obie Strony i dogodnych dla nich terminach. Jednocze\u015bnie wpisowe jest automatycznie przed\u0142u\u017cane bezterminowo, je\u015bli po lekcjach pr\u00f3bnych lub dodatkowo ustalonym okresie oczekiwania Zamawiaj\u0105cy nie wyrazi ch\u0119ci jego wycofania. Dzi\u0119ki temu obie Strony nie s\u0105 nara\u017cone na op\u0142aty zwi\u0105zane z przelewaniem \u015brodk\u00f3w oraz koszty, prac\u0119 i strat\u0119 czasu zwi\u0105zane z cz\u0119st\u0105 komunikacj\u0105 w tej sprawie, jak i ponownym zapisywaniem Klienta do kolejki oczekuj\u0105cych.<\/li>\n\n\n\n<li>Je\u017celi nie uda si\u0119 utworzy\u0107 grupy, wpisowe zostanie zwr\u00f3cone wp\u0142acaj\u0105cemu do ko\u0144ca pa\u017adziernika.<\/li>\n\n\n\n<li>Rezygnacja z dalszego oczekiwania lub z kontynuacji kursu po lekcji pr\u00f3bnej musi by\u0107 z\u0142o\u017cona przez zamawiaj\u0105cego pisemnie poczt\u0105 elektroniczn\u0105 z w\u0142a\u015bciwego dla danego Klienta adresu e-mail lub SMS-em z w\u0142a\u015bciwego dla danego Klienta nr-u tel. (czyli podanego podczas zapisu na kurs w Colonia Claudia Akademie. Firma zastrzega sobie mo\u017cliwo\u015b\u0107 zwrotu wpisowego wy\u0142\u0105cznie na podane w takiej rezygnacji konto bankowe wskazane przez rezygnuj\u0105cego Klienta. Jest to dyktowane zasadami bezpiecze\u0144stwa transakcji, kt\u00f3ra w ten spos\u00f3b jest wiarygodnie udokumentowana przez banki. Jednocze\u015bnie \u2013 je\u015bli wp\u0142ata wpisowego nast\u0105pi\u0142a przelewem w wyniku otrzymania przez Zamawiaj\u0105cego od Firmy Oferty zapisu na kurs j\u0119zykowy e-mailem \u2013 Klient ma prawo do zwrotu wpisowego w ci\u0105gu 14-stu dni od daty uiszczenia op\u0142aty. W\u00f3wczas jednak taki Klient nie b\u0119dzie brany pod uwag\u0119 w dalszych pracach nad stworzeniem dla niego Kursu.<\/li>\n\n\n\n<li>Je\u017celi Zamawiaj\u0105cy nie dokona rezygnacji z oczekiwania lub zakupu Kursu na warunkach wymienionych wy\u017cej wpisowe nie podlega zwrotowi i mo\u017ce podlega\u0107 przepadkowi na rzecz Colonia Claudia Akademie jako rekompensata koszt\u00f3w obs\u0142ugi wpisowego i pr\u00f3b stworzenia Kursu dla danego Zamawiaj\u0105cego, je\u015bli w trakcie oczekiwania na stworzenie Grupy lub po lekcjach pr\u00f3bnych z winy tego Klienta Firma straci z nim kontakt i nie uzyska dyspozycji, jak wpisowe ma by\u0107 zadysponowane, a Klient nie poda\u0142 \u017cadnego numeru konta, na kt\u00f3re \u015brodki te maj\u0105 by\u0107 przelane. Je\u015bli Klient za\u017c\u0105da zwrotu wpisowego w spos\u00f3b inny ni\u017c przelew lub odbi\u00f3r osobisty w ustalonych przez obie strony miejscu i czasie, Colonia Claudia Akademie mo\u017ce od zwracanej kwoty odj\u0105\u0107 koszt niezb\u0119dny do wykonania takiej transakcji, je\u015bli przewy\u017csza on koszty ww. sposob\u00f3w dokonania zwrotu.<\/li>\n\n\n\n<li>Je\u017celi Zamawiaj\u0105cy sprecyzowa\u0142 spos\u00f3b zwrotu wpisowego, podlega ono zwrotowi, gdy Zamawiaj\u0105cy nie podejmie nauki na lekcjach pr\u00f3bnych z jakichkolwiek wzgl\u0119d\u00f3w le\u017c\u0105cych po stronie Zamawiaj\u0105cego, np. braku kontaktu; zmiany mo\u017cliwych termin\u00f3w ucz\u0119szczania na zaj\u0119cia lub zmiany preferencji wielko\u015bci Grupy, gdy odpowiednia dla\u0144 Grupa jest kompletowana lub skompletowana; rezygnacji z oczekiwania na rozpocz\u0119cie Kursu przed ko\u0144cem okresu oczekiwania itp. W\u00f3wczas Colonia Claudia Akademie obci\u0105\u017cy Klienta kwot\u0105 adekwatn\u0105 do poniesionych przez Firm\u0119 na cele organizacji dla niego Kursu koszt\u00f3w, kt\u00f3ra to kwota w pierwszej kolejno\u015bci pobrana zostanie z wp\u0142aconego wpisowego \u2013 zale\u017cnie, na kt\u00f3rym z etap\u00f3w organizacji kursu Klient spowodowa\u0142 kt\u00f3r\u0105\u015b z ww. sytuacji.<\/li>\n\n\n\n<li>W ww. sytuacjach spowodowanych przez Klienta, je\u015bli chce on by\u0107 branym pod uwag\u0119 podczas uk\u0142adania przez Colonia Claudia Akademie kolejnych Grup, musi wp\u0142aci\u0107 zwrotne Wpisowe ponownie. Colonia Claudia Akademie mo\u017ce jednak odm\u00f3wi\u0107 jego przyj\u0119cia i nie zapisa\u0107 Klienta na list\u0119 oczekuj\u0105cych na utworzenie si\u0119 Grupy, je\u015bli uzna na podstawie dotychczasowej relacji z takim Klientem, \u017ce jest on ma\u0142o wiarygodny, a jego dzia\u0142ania mog\u0105 ponownie zagrozi\u0107 organizacji Kurs\u00f3w i nadszarpn\u0105\u0107 reputacj\u0119 Firmy (np. dosz\u0142o do ustalenia terminu rozpocz\u0119cia Kursu lub do pierwszych zaj\u0119\u0107 pr\u00f3bnych, a Zamawiaj\u0105cy na nich nie pojawi\u0142 si\u0119, stawiaj\u0105c Firm\u0119 i jej Klient\u00f3w w sytuacji, gdy dalsze zaj\u0119cia trzeba odwo\u0142a\u0107, gdy\u017c nie wiadomo, czy b\u0119dzie w Grupie komplet, a mia\u0142o w\u0142a\u015bnie doj\u015b\u0107 do podpisania Um\u00f3w i zakupu Kursu). Z tego te\u017c wzgl\u0119du Colonia Claudia Akademie mo\u017ce ustali\u0107 inny rodzaj zabezpieczenia, jak np. uiszczenie ca\u0142ej lub cz\u0119\u015bci op\u0142aty za tworzony Kurs z g\u00f3ry.<\/li>\n\n\n\n<li>Zwrot Wpisowego zwykle nast\u0119puje w formie przelewu na podany przez Zamawiaj\u0105cego numer konta bankowego, przekazany drog\u0105 mailow\u0105 lub SMS-em z podanych w formularzu rejestracji danych kontaktowych Zamawiaj\u0105cego lub przekazanego Colonia Claudia Akademie osobi\u015bcie na pi\u015bmie. Taka dyspozycja lub zmiana numeru konta, na kt\u00f3re ma nast\u0105pi\u0107 zwrot wpisowego, nie mo\u017ce zosta\u0107 przekazana Colonia Claudia Akademie telefonicznie lub poprzez inn\u0105 osob\u0119, czy te\u017c w jakikolwiek budz\u0105cy w\u0105tpliwo\u015bci spos\u00f3b.<\/li>\n\n\n\n<li>Je\u015bli Zamawiaj\u0105cy, mimo deklaracji zakupu Kursu, nie podejm\u0105 si\u0119 jego kupienia, zastosowanie b\u0119dzie mie\u0107 procedura jak w wy\u017cej wymienionych punktach, ale mo\u017ce te\u017c okaza\u0107 si\u0119, \u017ce np. poziomy Uczestnik\u00f3w nie pozwalaj\u0105 im na wsp\u00f3lna nauk\u0119, wi\u0119c \u2013 w obu przypadkach \u2013 po lekcjach pr\u00f3bnych rozpocz\u0119cie Kursu mo\u017ce by\u0107 wstrzymane do czasu znalezienia odpowiedniej ilo\u015bci Zamawiaj\u0105cych do uzupe\u0142nienia Grupy. Okres oczekiwania zmniejsza zwykle ilo\u015b\u0107 godzin dost\u0119pnych w danym pakiecie Kursu, przez co cena Kursu tak\u017ce ulega odpowiedniej zmianie (kurs staje si\u0119 ta\u0144szy o nieodbyte godziny), o czym Zamawiaj\u0105cy s\u0105 informowani wcze\u015bniej drog\u0105 elektroniczn\u0105 i za pomoc\u0105 rozdawanej na kolejnych zaj\u0119ciach pr\u00f3bnych zaktualizowanej dokumentacji Kursu. Zmiany te, je\u015bli nie zostan\u0105 zaakceptowane przez Klient\u00f3w, uprawniaj\u0105 ich do rezygnacji z podj\u0119cia Kursu i zwrotu wp\u0142aconych \u015brodk\u00f3w. Taka sytuacja mo\u017ce powodowa\u0107 kolejne wyd\u0142u\u017cenie si\u0119 okresu oczekiwania na odpowiedni\u0105 do danej Grupy ilo\u015b\u0107 Uczestnik\u00f3w, je\u015bli nie dojdzie do rezygnacji wszystkich Zainteresowanych.<\/li>\n\n\n\n<li>Klient, kt\u00f3ry uczestniczy\u0142 ju\u017c w Kursach Colonia Claudia Akademie nie ma prawa do lekcji pr\u00f3bnych, chyba \u017ce Colonia Claudia Akademie zadecyduje inaczej z uwagi na istotne kwestie metodyczne, jak sprawdzenie integralno\u015bci poziom\u00f3w Uczestnik\u00f3w.<\/li>\n\n\n\n<li>Reklamacj\u0119 sk\u0142ada si\u0119 drog\u0105 mailow\u0105 na adres: claudiabrymm@gmail.com. Termin rozpatrzenia reklamacji to 14 dni. Klient otrzyma odpowied\u017a na z\u0142o\u017con\u0105 reklamacj\u0119 drog\u0105 mailow\u0105 na adres mailowy, z kt\u00f3rego zosta\u0142a z\u0142o\u017cona reklamacja. W przypadku pozytywnego rozpatrzenia reklamacji, zwrot \u015brodk\u00f3w zostanie dokonany w terminie 30-stu dni roboczych na konto bankowe, z kt\u00f3rego Zamawiaj\u0105cy dokona\u0142 wp\u0142aty\u00a0wpisowego.<\/li>\n\n\n\n<li>W sprawach nieuregulowanych tym Regulaminem strony stosowa\u0107 b\u0119d\u0105 przepisy Kodeksu Cywilnego.<\/li>\n<\/ol>\n\n\n\n<p><\/p>","protected":false},"excerpt":{"rendered":"<p>Regulamin Zasady dotycz\u0105ce wpisowego na kursy grupowe z j. angielskiego i j. niemieckiego Terminologia:Jako Szko\u0142a lub Firma okre\u015bla si\u0119 Colonia Claudia Akademie \u015bwiadcz\u0105c\u0105 us\u0142ugi szkoleniowe, z siedzib\u0105 przy ul. Rogozi\u0144skiego 18D, 44-105 Gliwice, wpisan\u0105 do Centralnej Ewidencji i Informacji o Dzia\u0142alno\u015bci Gospodarczej (CEIDIG) prowadzonej przez ministra w\u0142a\u015bciwego ds. gospodarki, NIP [&hellip;]<\/p>","protected":false},"author":2,"featured_media":2087,"parent":0,"menu_order":0,"comment_status":"closed","ping_status":"closed","template":"","meta":{"footnotes":""},"yoast_head":"<!-- This site is optimized with the Yoast SEO plugin v22.7 - https:\/\/yoast.com\/wordpress\/plugins\/seo\/ -->\n<title>Regulamin - Colonia Akademie<\/title>\n<meta name=\"robots\" content=\"index, follow, max-snippet:-1, max-image-preview:large, max-video-preview:-1\" \/>\n<link rel=\"canonical\" href=\"https:\/\/colonia-claudia-akademie.de\/de\/regulamin\/\" \/>\n<meta property=\"og:locale\" content=\"de_DE\" \/>\n<meta property=\"og:type\" content=\"article\" \/>\n<meta property=\"og:title\" content=\"Regulamin - Colonia Akademie\" \/>\n<meta property=\"og:description\" content=\"Regulamin Zasady dotycz\u0105ce wpisowego na kursy grupowe z j. angielskiego i j. niemieckiego Terminologia:Jako Szko\u0142a lub Firma okre\u015bla si\u0119 Colonia Claudia Akademie \u015bwiadcz\u0105c\u0105 us\u0142ugi szkoleniowe, z siedzib\u0105 przy ul. Rogozi\u0144skiego 18D, 44-105 Gliwice, wpisan\u0105 do Centralnej Ewidencji i Informacji o Dzia\u0142alno\u015bci Gospodarczej (CEIDIG) prowadzonej przez ministra w\u0142a\u015bciwego ds. gospodarki, NIP [&hellip;]\" \/>\n<meta property=\"og:url\" content=\"https:\/\/colonia-claudia-akademie.de\/de\/regulamin\/\" \/>\n<meta property=\"og:site_name\" content=\"Colonia Akademie\" \/>\n<meta property=\"article:modified_time\" content=\"2023-06-21T08:44:20+00:00\" \/>\n<meta property=\"og:image\" content=\"https:\/\/colonia-claudia-akademie.de\/wp-content\/uploads\/2023\/05\/Naglowek-kurs.jpg\" \/>\n\t<meta property=\"og:image:width\" content=\"2048\" \/>\n\t<meta property=\"og:image:height\" content=\"1080\" \/>\n\t<meta property=\"og:image:type\" content=\"image\/jpeg\" \/>\n<meta name=\"twitter:card\" content=\"summary_large_image\" \/>\n<meta name=\"twitter:label1\" content=\"Gesch\u00e4tzte Lesezeit\" \/>\n\t<meta name=\"twitter:data1\" content=\"8\u00a0Minuten\" \/>\n<script type=\"application\/ld+json\" class=\"yoast-schema-graph\">{\"@context\":\"https:\/\/schema.org\",\"@graph\":[{\"@type\":\"WebPage\",\"@id\":\"https:\/\/colonia-claudia-akademie.de\/regulamin\/\",\"url\":\"https:\/\/colonia-claudia-akademie.de\/regulamin\/\",\"name\":\"Regulamin - Colonia Akademie\",\"isPartOf\":{\"@id\":\"https:\/\/colonia-claudia-akademie.de\/#website\"},\"primaryImageOfPage\":{\"@id\":\"https:\/\/colonia-claudia-akademie.de\/regulamin\/#primaryimage\"},\"image\":{\"@id\":\"https:\/\/colonia-claudia-akademie.de\/regulamin\/#primaryimage\"},\"thumbnailUrl\":\"https:\/\/colonia-claudia-akademie.de\/wp-content\/uploads\/2023\/05\/Naglowek-kurs.jpg\",\"datePublished\":\"2023-06-15T15:05:03+00:00\",\"dateModified\":\"2023-06-21T08:44:20+00:00\",\"breadcrumb\":{\"@id\":\"https:\/\/colonia-claudia-akademie.de\/regulamin\/#breadcrumb\"},\"inLanguage\":\"de\",\"potentialAction\":[{\"@type\":\"ReadAction\",\"target\":[\"https:\/\/colonia-claudia-akademie.de\/regulamin\/\"]}]},{\"@type\":\"ImageObject\",\"inLanguage\":\"de\",\"@id\":\"https:\/\/colonia-claudia-akademie.de\/regulamin\/#primaryimage\",\"url\":\"https:\/\/colonia-claudia-akademie.de\/wp-content\/uploads\/2023\/05\/Naglowek-kurs.jpg\",\"contentUrl\":\"https:\/\/colonia-claudia-akademie.de\/wp-content\/uploads\/2023\/05\/Naglowek-kurs.jpg\",\"width\":2048,\"height\":1080},{\"@type\":\"BreadcrumbList\",\"@id\":\"https:\/\/colonia-claudia-akademie.de\/regulamin\/#breadcrumb\",\"itemListElement\":[{\"@type\":\"ListItem\",\"position\":1,\"name\":\"Strona g\u0142\u00f3wna\",\"item\":\"https:\/\/colonia-claudia-akademie.de\/\"},{\"@type\":\"ListItem\",\"position\":2,\"name\":\"Regulamin\"}]},{\"@type\":\"WebSite\",\"@id\":\"https:\/\/colonia-claudia-akademie.de\/#website\",\"url\":\"https:\/\/colonia-claudia-akademie.de\/\",\"name\":\"Colonia Akademie\",\"description\":\"Claudia Brymm\",\"publisher\":{\"@id\":\"https:\/\/colonia-claudia-akademie.de\/#organization\"},\"potentialAction\":[{\"@type\":\"SearchAction\",\"target\":{\"@type\":\"EntryPoint\",\"urlTemplate\":\"https:\/\/colonia-claudia-akademie.de\/?s={search_term_string}\"},\"query-input\":\"required name=search_term_string\"}],\"inLanguage\":\"de\"},{\"@type\":\"Organization\",\"@id\":\"https:\/\/colonia-claudia-akademie.de\/#organization\",\"name\":\"Colonia Claudia Akademie\",\"url\":\"https:\/\/colonia-claudia-akademie.de\/\",\"logo\":{\"@type\":\"ImageObject\",\"inLanguage\":\"de\",\"@id\":\"https:\/\/colonia-claudia-akademie.de\/#\/schema\/logo\/image\/\",\"url\":\"https:\/\/colonia-claudia-akademie.de\/wp-content\/uploads\/2022\/08\/cropped-Hallo.png\",\"contentUrl\":\"https:\/\/colonia-claudia-akademie.de\/wp-content\/uploads\/2022\/08\/cropped-Hallo.png\",\"width\":2040,\"height\":1136,\"caption\":\"Colonia Claudia Akademie\"},\"image\":{\"@id\":\"https:\/\/colonia-claudia-akademie.de\/#\/schema\/logo\/image\/\"}}]}<\/script>\n<!-- \/ Yoast SEO plugin. -->","yoast_head_json":{"title":"Regulamin - Colonia Akademie","robots":{"index":"index","follow":"follow","max-snippet":"max-snippet:-1","max-image-preview":"max-image-preview:large","max-video-preview":"max-video-preview:-1"},"canonical":"https:\/\/colonia-claudia-akademie.de\/de\/regulamin\/","og_locale":"de_DE","og_type":"article","og_title":"Regulamin - Colonia Akademie","og_description":"Regulamin Zasady dotycz\u0105ce wpisowego na kursy grupowe z j. angielskiego i j. niemieckiego Terminologia:Jako Szko\u0142a lub Firma okre\u015bla si\u0119 Colonia Claudia Akademie \u015bwiadcz\u0105c\u0105 us\u0142ugi szkoleniowe, z siedzib\u0105 przy ul. Rogozi\u0144skiego 18D, 44-105 Gliwice, wpisan\u0105 do Centralnej Ewidencji i Informacji o Dzia\u0142alno\u015bci Gospodarczej (CEIDIG) prowadzonej przez ministra w\u0142a\u015bciwego ds. gospodarki, NIP [&hellip;]","og_url":"https:\/\/colonia-claudia-akademie.de\/de\/regulamin\/","og_site_name":"Colonia Akademie","article_modified_time":"2023-06-21T08:44:20+00:00","og_image":[{"width":2048,"height":1080,"url":"https:\/\/colonia-claudia-akademie.de\/wp-content\/uploads\/2023\/05\/Naglowek-kurs.jpg","type":"image\/jpeg"}],"twitter_card":"summary_large_image","twitter_misc":{"Gesch\u00e4tzte Lesezeit":"8\u00a0Minuten"},"schema":{"@context":"https:\/\/schema.org","@graph":[{"@type":"WebPage","@id":"https:\/\/colonia-claudia-akademie.de\/regulamin\/","url":"https:\/\/colonia-claudia-akademie.de\/regulamin\/","name":"Regulamin - Colonia Akademie","isPartOf":{"@id":"https:\/\/colonia-claudia-akademie.de\/#website"},"primaryImageOfPage":{"@id":"https:\/\/colonia-claudia-akademie.de\/regulamin\/#primaryimage"},"image":{"@id":"https:\/\/colonia-claudia-akademie.de\/regulamin\/#primaryimage"},"thumbnailUrl":"https:\/\/colonia-claudia-akademie.de\/wp-content\/uploads\/2023\/05\/Naglowek-kurs.jpg","datePublished":"2023-06-15T15:05:03+00:00","dateModified":"2023-06-21T08:44:20+00:00","breadcrumb":{"@id":"https:\/\/colonia-claudia-akademie.de\/regulamin\/#breadcrumb"},"inLanguage":"de","potentialAction":[{"@type":"ReadAction","target":["https:\/\/colonia-claudia-akademie.de\/regulamin\/"]}]},{"@type":"ImageObject","inLanguage":"de","@id":"https:\/\/colonia-claudia-akademie.de\/regulamin\/#primaryimage","url":"https:\/\/colonia-claudia-akademie.de\/wp-content\/uploads\/2023\/05\/Naglowek-kurs.jpg","contentUrl":"https:\/\/colonia-claudia-akademie.de\/wp-content\/uploads\/2023\/05\/Naglowek-kurs.jpg","width":2048,"height":1080},{"@type":"BreadcrumbList","@id":"https:\/\/colonia-claudia-akademie.de\/regulamin\/#breadcrumb","itemListElement":[{"@type":"ListItem","position":1,"name":"Strona g\u0142\u00f3wna","item":"https:\/\/colonia-claudia-akademie.de\/"},{"@type":"ListItem","position":2,"name":"Regulamin"}]},{"@type":"WebSite","@id":"https:\/\/colonia-claudia-akademie.de\/#website","url":"https:\/\/colonia-claudia-akademie.de\/","name":"Colonia Akademie","description":"Claudia Brymm","publisher":{"@id":"https:\/\/colonia-claudia-akademie.de\/#organization"},"potentialAction":[{"@type":"SearchAction","target":{"@type":"EntryPoint","urlTemplate":"https:\/\/colonia-claudia-akademie.de\/?s={search_term_string}"},"query-input":"required name=search_term_string"}],"inLanguage":"de"},{"@type":"Organization","@id":"https:\/\/colonia-claudia-akademie.de\/#organization","name":"Colonia Claudia Akademie","url":"https:\/\/colonia-claudia-akademie.de\/","logo":{"@type":"ImageObject","inLanguage":"de","@id":"https:\/\/colonia-claudia-akademie.de\/#\/schema\/logo\/image\/","url":"https:\/\/colonia-claudia-akademie.de\/wp-content\/uploads\/2022\/08\/cropped-Hallo.png","contentUrl":"https:\/\/colonia-claudia-akademie.de\/wp-content\/uploads\/2022\/08\/cropped-Hallo.png","width":2040,"height":1136,"caption":"Colonia Claudia Akademie"},"image":{"@id":"https:\/\/colonia-claudia-akademie.de\/#\/schema\/logo\/image\/"}}]}},"_links":{"self":[{"href":"https:\/\/colonia-claudia-akademie.de\/de\/wp-json\/wp\/v2\/pages\/2702"}],"collection":[{"href":"https:\/\/colonia-claudia-akademie.de\/de\/wp-json\/wp\/v2\/pages"}],"about":[{"href":"https:\/\/colonia-claudia-akademie.de\/de\/wp-json\/wp\/v2\/types\/page"}],"author":[{"embeddable":true,"href":"https:\/\/colonia-claudia-akademie.de\/de\/wp-json\/wp\/v2\/users\/2"}],"replies":[{"embeddable":true,"href":"https:\/\/colonia-claudia-akademie.de\/de\/wp-json\/wp\/v2\/comments?post=2702"}],"version-history":[{"count":6,"href":"https:\/\/colonia-claudia-akademie.de\/de\/wp-json\/wp\/v2\/pages\/2702\/revisions"}],"predecessor-version":[{"id":2805,"href":"https:\/\/colonia-claudia-akademie.de\/de\/wp-json\/wp\/v2\/pages\/2702\/revisions\/2805"}],"wp:featuredmedia":[{"embeddable":true,"href":"https:\/\/colonia-claudia-akademie.de\/de\/wp-json\/wp\/v2\/media\/2087"}],"wp:attachment":[{"href":"https:\/\/colonia-claudia-akademie.de\/de\/wp-json\/wp\/v2\/media?parent=2702"}],"curies":[{"name":"wp","href":"https:\/\/api.w.org\/{rel}","templated":true}]}}