{"id":2884,"date":"2025-08-28T12:06:11","date_gmt":"2025-08-28T10:06:11","guid":{"rendered":"https:\/\/colonia-claudia-akademie.de\/?page_id=2884"},"modified":"2025-08-28T15:00:18","modified_gmt":"2025-08-28T13:00:18","slug":"grupa-clever-foxes","status":"publish","type":"page","link":"https:\/\/colonia-claudia-akademie.de\/de\/kursy-jezyka-angielskiego\/grupa-clever-foxes\/","title":{"rendered":"Grupa Clever Foxes"},"content":{"rendered":"<div class=\"wp-block-image logo-grupa\">\n<figure class=\"alignright size-full is-resized\"><img loading=\"lazy\" decoding=\"async\" width=\"1024\" height=\"1024\" src=\"https:\/\/colonia-claudia-akademie.de\/wp-content\/uploads\/2025\/08\/Clever-Foxes-white.jpg\" alt=\"\" class=\"wp-image-2891\" style=\"width:auto;height:250px\" srcset=\"https:\/\/colonia-claudia-akademie.de\/wp-content\/uploads\/2025\/08\/Clever-Foxes-white.jpg 1024w, https:\/\/colonia-claudia-akademie.de\/wp-content\/uploads\/2025\/08\/Clever-Foxes-white-300x300.jpg 300w, https:\/\/colonia-claudia-akademie.de\/wp-content\/uploads\/2025\/08\/Clever-Foxes-white-150x150.jpg 150w, https:\/\/colonia-claudia-akademie.de\/wp-content\/uploads\/2025\/08\/Clever-Foxes-white-768x768.jpg 768w, https:\/\/colonia-claudia-akademie.de\/wp-content\/uploads\/2025\/08\/Clever-Foxes-white-12x12.jpg 12w, https:\/\/colonia-claudia-akademie.de\/wp-content\/uploads\/2025\/08\/Clever-Foxes-white-500x500.jpg 500w\" sizes=\"(max-width: 1024px) 100vw, 1024px\" \/><\/figure><\/div>\n\n\n<div class=\"wp-block-group alignfull has-background\" style=\"background-color:#f9f9f9\"><div class=\"wp-block-group__inner-container is-layout-flow wp-block-group-is-layout-flow\">\n<div class=\"wp-block-columns alignwide is-layout-flex wp-container-core-columns-is-layout-1 wp-block-columns-is-layout-flex\">\n<div class=\"wp-block-column is-vertically-aligned-top is-layout-flow wp-block-column-is-layout-flow\" style=\"flex-basis:30%\">\n<p class=\"has-text-color\" style=\"color:#000000;font-size:30px;line-height:1.1\"><strong>Informacje<\/strong><\/p>\n<\/div>\n\n\n\n<div class=\"wp-block-column is-vertically-aligned-bottom is-layout-flow wp-block-column-is-layout-flow\" style=\"flex-basis:70%\">\n<hr class=\"wp-block-separator has-text-color has-alpha-channel-opacity has-background is-style-wide\" style=\"background-color:#fbb91c;color:#fbb91c\"\/>\n<\/div>\n<\/div>\n\n\n\n<div class=\"wp-block-columns alignwide is-layout-flex wp-container-core-columns-is-layout-3 wp-block-columns-is-layout-flex\">\n<div class=\"wp-block-column is-vertically-aligned-top is-layout-flow wp-block-column-is-layout-flow\" style=\"flex-basis:30%\">\n<p class=\"has-text-color\" style=\"color:#000000;font-size:20px;line-height:1.1\">Kurs<\/p>\n<\/div>\n\n\n\n<div class=\"wp-block-column is-layout-flow wp-block-column-is-layout-flow\" style=\"flex-basis:70%\">\n<div class=\"wp-block-columns is-layout-flex wp-container-core-columns-is-layout-2 wp-block-columns-is-layout-flex\">\n<div class=\"wp-block-column is-layout-flow wp-block-column-is-layout-flow\">\n<h2 class=\"wp-block-heading has-text-align-left\" style=\"font-size:14px;font-style:normal;font-weight:800\"><strong><i class=\"fa fa-comments\" style=\"font-size:18px;color:#fbb91c\"><\/i>&nbsp;J\u0119zyk<\/strong><\/h2>\n\n\n\n<p class=\"has-text-align-left\" style=\"font-size:14px\">angielski<\/p>\n<\/div>\n\n\n\n<div class=\"wp-block-column is-layout-flow wp-block-column-is-layout-flow\">\n<h2 class=\"wp-block-heading has-text-align-left\" style=\"font-size:14px;font-style:normal;font-weight:800\"><i class=\"fa fa-map-marker\" style=\"font-size:18px;color:#fbb91c\"><\/i>&nbsp;Miejsce<\/h2>\n\n\n\n<p class=\"has-text-align-left\" style=\"font-size:14px\">ul. Elsnera 25<\/p>\n\n\n\n<p class=\"has-text-align-left\" style=\"font-size:14px\">44-105 Gliwice<\/p>\n<\/div>\n\n\n\n<div class=\"wp-block-column is-layout-flow wp-block-column-is-layout-flow\">\n<h2 class=\"wp-block-heading\" style=\"font-size:14px;font-style:normal;font-weight:800\"><i class=\"fa fa-calendar-check-o\" style=\"font-size:18px;color:#fbb91c\"><\/i>&nbsp;Termin<\/h2>\n\n\n\n<p style=\"font-size:14px\">\u015brody<\/p>\n\n\n\n<p style=\"font-size:14px\">godzina do ustalenia<\/p>\n<\/div>\n\n\n\n<div class=\"wp-block-column is-layout-flow wp-block-column-is-layout-flow\">\n<h2 class=\"wp-block-heading\" style=\"font-size:14px;font-style:normal;font-weight:800\"><i class=\"fa fa-hourglass-half\" style=\"font-size:18px;color:#fbb91c\"><\/i>&nbsp;Ilo\u015b\u0107 h<\/h2>\n\n\n\n<p style=\"font-size:14px\">66 h*<\/p>\n\n\n\n<p style=\"font-size:14px\">1x w\u00f6chentlich 2h<\/p>\n\n\n\n<p class=\"has-small-font-size\">h* = 45 min<\/p>\n<\/div>\n<\/div>\n<\/div>\n<\/div>\n\n\n\n<div class=\"wp-block-columns alignwide is-layout-flex wp-container-core-columns-is-layout-5 wp-block-columns-is-layout-flex\">\n<div class=\"wp-block-column is-vertically-aligned-top is-layout-flow wp-block-column-is-layout-flow\" style=\"flex-basis:30%\">\n<p class=\"has-text-color\" style=\"color:#000000;font-size:20px;line-height:1.1\">Grupa<\/p>\n<\/div>\n\n\n\n<div class=\"wp-block-column is-layout-flow wp-block-column-is-layout-flow\" style=\"flex-basis:70%\">\n<div class=\"wp-block-columns is-layout-flex wp-container-core-columns-is-layout-4 wp-block-columns-is-layout-flex\">\n<div class=\"wp-block-column is-layout-flow wp-block-column-is-layout-flow\">\n<h2 class=\"wp-block-heading\" style=\"font-size:14px;font-style:normal;font-weight:800\"><i class=\"fa fa-signal\" style=\"font-size:18px;color:#fbb91c\"><\/i>&nbsp;Poziom<\/h2>\n\n\n\n<p style=\"font-size:14px\">A1<\/p>\n\n\n\n<p>pocz\u0105tek klasy 1\/2<\/p>\n<\/div>\n\n\n\n<div class=\"wp-block-column is-layout-flow wp-block-column-is-layout-flow\">\n<h2 class=\"wp-block-heading\" style=\"font-size:14px;font-style:normal;font-weight:800\"><i class=\"fa fa-smile-o\" style=\"font-size:18px;color:#fbb91c\"><\/i>&nbsp;Alter<\/h2>\n\n\n\n<p style=\"font-size:14px\">7-11 lat<\/p>\n<\/div>\n\n\n\n<div class=\"wp-block-column is-layout-flow wp-block-column-is-layout-flow\">\n<h2 class=\"wp-block-heading\" style=\"font-size:14px;font-style:normal;font-weight:800\"><i class=\"fa fa-group\" style=\"font-size:18px;color:#fbb91c\"><\/i>&nbsp;Liczebno\u015b\u0107<\/h2>\n\n\n\n<p style=\"font-size:14px\">max 6 &#8211; 8 os<\/p>\n<\/div>\n\n\n\n<div class=\"wp-block-column is-layout-flow wp-block-column-is-layout-flow\">\n<h2 class=\"wp-block-heading\" style=\"font-size:14px;font-style:normal;font-weight:800\"><i class=\"fa fa-credit-card\" style=\"font-size:18px;color:#fbb91c\"><\/i>&nbsp;Cena<\/h2>\n\n\n\n<p style=\"font-size:14px\">2 300 z\u0142\/ kurs<\/p>\n<\/div>\n<\/div>\n<\/div>\n<\/div>\n<\/div><\/div>\n\n\n\n<div style=\"height:50px\" aria-hidden=\"true\" class=\"wp-block-spacer\"><\/div>\n\n\n\n<div class=\"wp-block-group alignfull has-background\" style=\"background-color:#f9f9f9\"><div class=\"wp-block-group__inner-container is-layout-flow wp-block-group-is-layout-flow\">\n<div class=\"wp-block-columns alignwide is-layout-flex wp-container-core-columns-is-layout-6 wp-block-columns-is-layout-flex\">\n<div class=\"wp-block-column is-vertically-aligned-top is-layout-flow wp-block-column-is-layout-flow\" style=\"flex-basis:30%\">\n<p class=\"has-text-color\" style=\"color:#000000;font-size:30px;line-height:1.1\"><strong>Opis<\/strong><\/p>\n<\/div>\n\n\n\n<div class=\"wp-block-column is-vertically-aligned-bottom is-layout-flow wp-block-column-is-layout-flow\" style=\"flex-basis:70%\">\n<hr class=\"wp-block-separator has-text-color has-alpha-channel-opacity has-background is-style-wide\" style=\"background-color:#fbb91c;color:#fbb91c\"\/>\n<\/div>\n<\/div>\n\n\n\n<div class=\"wp-block-columns alignwide is-layout-flex wp-container-core-columns-is-layout-8 wp-block-columns-is-layout-flex\">\n<div class=\"wp-block-column is-vertically-aligned-top is-layout-flow wp-block-column-is-layout-flow\" style=\"flex-basis:30%\">\n<p class=\"has-text-color\" style=\"color:#000000;font-size:20px;line-height:1.1\">O kursie<\/p>\n<\/div>\n\n\n\n<div class=\"wp-block-column is-layout-flow wp-block-column-is-layout-flow\" style=\"flex-basis:70%\">\n<div class=\"wp-block-columns is-layout-flex wp-container-core-columns-is-layout-7 wp-block-columns-is-layout-flex\">\n<div class=\"wp-block-column is-layout-flow wp-block-column-is-layout-flow\">\n<p style=\"font-size:14px\">Kurs jest przeznaczony dla dzieci ju\u017c ucz\u0105cych si\u0119 j\u0119zyka angielskiego. <\/p>\n\n\n\n<p style=\"font-size:14px\">Materia\u0142&nbsp;jest u\u0142o\u017cony w logiczny spos\u00f3b i zosta\u0142&nbsp;<strong>zaprojektowany wed\u0142ug zasady spiralno\u015bci<\/strong>&nbsp;\u2013 ucze\u0144 powtarza poznany materia\u0142 i poszerza go o nowe elementy, co podnosi efektywno\u015b\u0107 nauki i wspiera zapami\u0119tywanie. <\/p>\n\n\n\n<p style=\"font-size:14px\">Zadania s\u0105 dostosowane do umiej\u0119tno\u015bci j\u0119zykowych i poznawczych uczni\u00f3w \u2013 na ni\u017cszych poziomach w tok lekcji wplecione zosta\u0142y&nbsp;<strong>zagadki logiczne i gry<\/strong>.&nbsp;<\/p>\n<\/div>\n<\/div>\n<\/div>\n<\/div>\n<\/div><\/div>\n\n\n\n<div style=\"height:50px\" aria-hidden=\"true\" class=\"wp-block-spacer\"><\/div>\n\n\n\n<div class=\"wp-block-group alignfull has-background\" style=\"background-color:#f9f9f9\"><div class=\"wp-block-group__inner-container is-layout-flow wp-block-group-is-layout-flow\">\n<div class=\"wp-block-columns alignwide is-layout-flex wp-container-core-columns-is-layout-9 wp-block-columns-is-layout-flex\">\n<div class=\"wp-block-column is-vertically-aligned-top is-layout-flow wp-block-column-is-layout-flow\" style=\"flex-basis:30%\">\n<p class=\"has-text-color\" id=\"zgloszenie\" style=\"color:#000000;font-size:30px;line-height:1.1\">Zg\u0142oszenie<\/p>\n<\/div>\n\n\n\n<div class=\"wp-block-column is-vertically-aligned-bottom is-layout-flow wp-block-column-is-layout-flow\" style=\"flex-basis:70%\">\n<hr class=\"wp-block-separator has-text-color has-alpha-channel-opacity has-background is-style-wide\" style=\"background-color:#fbb91c;color:#fbb91c\"\/>\n<\/div>\n<\/div>\n\n\n\n<div class=\"wp-block-columns alignwide is-layout-flex wp-container-core-columns-is-layout-10 wp-block-columns-is-layout-flex\">\n<div class=\"wp-block-column is-vertically-aligned-top is-layout-flow wp-block-column-is-layout-flow\" style=\"flex-basis:30%\">\n<p class=\"has-text-color\" style=\"color:#000000;font-size:20px;line-height:1.1\"><\/p>\n<\/div>\n\n\n\n<div class=\"wp-block-column is-layout-flow wp-block-column-is-layout-flow\" style=\"flex-basis:70%\">Zapisy na ten kurs zosta\u0142y ju\u017c zamkni\u0119te.\n<\/div>\n<\/div>\n<\/div><\/div>","protected":false},"excerpt":{"rendered":"<p>Informacje Kurs &nbsp;J\u0119zyk angielski &nbsp;Miejsce ul. Elsnera 25 44-105 Gliwice &nbsp;Termin \u015brody godzina do ustalenia &nbsp;Ilo\u015b\u0107 h 66 h* 1 x w tyg. 2 h* h* = 45 min Grupa &nbsp;Poziom A1 pocz\u0105tek klasy 1\/2 &nbsp;Przedzia\u0142 wiekowy 7-11 lat &nbsp;Liczebno\u015b\u0107 max 6 &#8211; 8 os &nbsp;Cena 2 300 z\u0142\/ kurs [&hellip;]<\/p>","protected":false},"author":2,"featured_media":2087,"parent":2134,"menu_order":0,"comment_status":"closed","ping_status":"closed","template":"","meta":{"footnotes":""},"yoast_head":"<!-- This site is optimized with the Yoast SEO plugin v22.7 - https:\/\/yoast.com\/wordpress\/plugins\/seo\/ -->\n<title>Grupa Clever Foxes - Colonia Akademie<\/title>\n<meta name=\"robots\" content=\"index, follow, max-snippet:-1, max-image-preview:large, max-video-preview:-1\" \/>\n<link rel=\"canonical\" href=\"https:\/\/colonia-claudia-akademie.de\/de\/kursy-jezyka-angielskiego\/grupa-clever-foxes\/\" \/>\n<meta property=\"og:locale\" content=\"de_DE\" \/>\n<meta property=\"og:type\" content=\"article\" \/>\n<meta property=\"og:title\" content=\"Grupa Clever Foxes - Colonia Akademie\" \/>\n<meta property=\"og:description\" content=\"Informacje Kurs &nbsp;J\u0119zyk angielski &nbsp;Miejsce ul. Elsnera 25 44-105 Gliwice &nbsp;Termin \u015brody godzina do ustalenia &nbsp;Ilo\u015b\u0107 h 66 h* 1 x w tyg. 2 h* h* = 45 min Grupa &nbsp;Poziom A1 pocz\u0105tek klasy 1\/2 &nbsp;Przedzia\u0142 wiekowy 7-11 lat &nbsp;Liczebno\u015b\u0107 max 6 &#8211; 8 os &nbsp;Cena 2 300 z\u0142\/ kurs [&hellip;]\" \/>\n<meta property=\"og:url\" content=\"https:\/\/colonia-claudia-akademie.de\/de\/kursy-jezyka-angielskiego\/grupa-clever-foxes\/\" \/>\n<meta property=\"og:site_name\" content=\"Colonia Akademie\" \/>\n<meta property=\"article:modified_time\" content=\"2025-08-28T13:00:18+00:00\" \/>\n<meta property=\"og:image\" content=\"https:\/\/colonia-claudia-akademie.de\/wp-content\/uploads\/2023\/05\/Naglowek-kurs.jpg\" \/>\n\t<meta property=\"og:image:width\" content=\"2048\" \/>\n\t<meta property=\"og:image:height\" content=\"1080\" \/>\n\t<meta property=\"og:image:type\" content=\"image\/jpeg\" \/>\n<meta name=\"twitter:card\" content=\"summary_large_image\" \/>\n<meta name=\"twitter:label1\" content=\"Gesch\u00e4tzte Lesezeit\" \/>\n\t<meta name=\"twitter:data1\" content=\"2\u00a0Minuten\" \/>\n<script type=\"application\/ld+json\" class=\"yoast-schema-graph\">{\"@context\":\"https:\/\/schema.org\",\"@graph\":[{\"@type\":\"WebPage\",\"@id\":\"https:\/\/colonia-claudia-akademie.de\/kursy-jezyka-angielskiego\/grupa-clever-foxes\/\",\"url\":\"https:\/\/colonia-claudia-akademie.de\/kursy-jezyka-angielskiego\/grupa-clever-foxes\/\",\"name\":\"Grupa Clever Foxes - Colonia Akademie\",\"isPartOf\":{\"@id\":\"https:\/\/colonia-claudia-akademie.de\/#website\"},\"primaryImageOfPage\":{\"@id\":\"https:\/\/colonia-claudia-akademie.de\/kursy-jezyka-angielskiego\/grupa-clever-foxes\/#primaryimage\"},\"image\":{\"@id\":\"https:\/\/colonia-claudia-akademie.de\/kursy-jezyka-angielskiego\/grupa-clever-foxes\/#primaryimage\"},\"thumbnailUrl\":\"https:\/\/colonia-claudia-akademie.de\/wp-content\/uploads\/2023\/05\/Naglowek-kurs.jpg\",\"datePublished\":\"2025-08-28T10:06:11+00:00\",\"dateModified\":\"2025-08-28T13:00:18+00:00\",\"breadcrumb\":{\"@id\":\"https:\/\/colonia-claudia-akademie.de\/kursy-jezyka-angielskiego\/grupa-clever-foxes\/#breadcrumb\"},\"inLanguage\":\"de\",\"potentialAction\":[{\"@type\":\"ReadAction\",\"target\":[\"https:\/\/colonia-claudia-akademie.de\/kursy-jezyka-angielskiego\/grupa-clever-foxes\/\"]}]},{\"@type\":\"ImageObject\",\"inLanguage\":\"de\",\"@id\":\"https:\/\/colonia-claudia-akademie.de\/kursy-jezyka-angielskiego\/grupa-clever-foxes\/#primaryimage\",\"url\":\"https:\/\/colonia-claudia-akademie.de\/wp-content\/uploads\/2023\/05\/Naglowek-kurs.jpg\",\"contentUrl\":\"https:\/\/colonia-claudia-akademie.de\/wp-content\/uploads\/2023\/05\/Naglowek-kurs.jpg\",\"width\":2048,\"height\":1080},{\"@type\":\"BreadcrumbList\",\"@id\":\"https:\/\/colonia-claudia-akademie.de\/kursy-jezyka-angielskiego\/grupa-clever-foxes\/#breadcrumb\",\"itemListElement\":[{\"@type\":\"ListItem\",\"position\":1,\"name\":\"Strona g\u0142\u00f3wna\",\"item\":\"https:\/\/colonia-claudia-akademie.de\/\"},{\"@type\":\"ListItem\",\"position\":2,\"name\":\"Kursy j\u0119zyka angielskiego\",\"item\":\"https:\/\/colonia-claudia-akademie.de\/kursy-jezyka-angielskiego\/\"},{\"@type\":\"ListItem\",\"position\":3,\"name\":\"Grupa Clever Foxes\"}]},{\"@type\":\"WebSite\",\"@id\":\"https:\/\/colonia-claudia-akademie.de\/#website\",\"url\":\"https:\/\/colonia-claudia-akademie.de\/\",\"name\":\"Colonia Akademie\",\"description\":\"Claudia Brymm\",\"publisher\":{\"@id\":\"https:\/\/colonia-claudia-akademie.de\/#organization\"},\"potentialAction\":[{\"@type\":\"SearchAction\",\"target\":{\"@type\":\"EntryPoint\",\"urlTemplate\":\"https:\/\/colonia-claudia-akademie.de\/?s={search_term_string}\"},\"query-input\":\"required name=search_term_string\"}],\"inLanguage\":\"de\"},{\"@type\":\"Organization\",\"@id\":\"https:\/\/colonia-claudia-akademie.de\/#organization\",\"name\":\"Colonia Claudia Akademie\",\"url\":\"https:\/\/colonia-claudia-akademie.de\/\",\"logo\":{\"@type\":\"ImageObject\",\"inLanguage\":\"de\",\"@id\":\"https:\/\/colonia-claudia-akademie.de\/#\/schema\/logo\/image\/\",\"url\":\"https:\/\/colonia-claudia-akademie.de\/wp-content\/uploads\/2022\/08\/cropped-Hallo.png\",\"contentUrl\":\"https:\/\/colonia-claudia-akademie.de\/wp-content\/uploads\/2022\/08\/cropped-Hallo.png\",\"width\":2040,\"height\":1136,\"caption\":\"Colonia Claudia Akademie\"},\"image\":{\"@id\":\"https:\/\/colonia-claudia-akademie.de\/#\/schema\/logo\/image\/\"}}]}<\/script>\n<!-- \/ Yoast SEO plugin. -->","yoast_head_json":{"title":"Grupa Clever Foxes - Colonia Akademie","robots":{"index":"index","follow":"follow","max-snippet":"max-snippet:-1","max-image-preview":"max-image-preview:large","max-video-preview":"max-video-preview:-1"},"canonical":"https:\/\/colonia-claudia-akademie.de\/de\/kursy-jezyka-angielskiego\/grupa-clever-foxes\/","og_locale":"de_DE","og_type":"article","og_title":"Grupa Clever Foxes - Colonia Akademie","og_description":"Informacje Kurs &nbsp;J\u0119zyk angielski &nbsp;Miejsce ul. Elsnera 25 44-105 Gliwice &nbsp;Termin \u015brody godzina do ustalenia &nbsp;Ilo\u015b\u0107 h 66 h* 1 x w tyg. 2 h* h* = 45 min Grupa &nbsp;Poziom A1 pocz\u0105tek klasy 1\/2 &nbsp;Przedzia\u0142 wiekowy 7-11 lat &nbsp;Liczebno\u015b\u0107 max 6 &#8211; 8 os &nbsp;Cena 2 300 z\u0142\/ kurs [&hellip;]","og_url":"https:\/\/colonia-claudia-akademie.de\/de\/kursy-jezyka-angielskiego\/grupa-clever-foxes\/","og_site_name":"Colonia Akademie","article_modified_time":"2025-08-28T13:00:18+00:00","og_image":[{"width":2048,"height":1080,"url":"https:\/\/colonia-claudia-akademie.de\/wp-content\/uploads\/2023\/05\/Naglowek-kurs.jpg","type":"image\/jpeg"}],"twitter_card":"summary_large_image","twitter_misc":{"Gesch\u00e4tzte Lesezeit":"2\u00a0Minuten"},"schema":{"@context":"https:\/\/schema.org","@graph":[{"@type":"WebPage","@id":"https:\/\/colonia-claudia-akademie.de\/kursy-jezyka-angielskiego\/grupa-clever-foxes\/","url":"https:\/\/colonia-claudia-akademie.de\/kursy-jezyka-angielskiego\/grupa-clever-foxes\/","name":"Grupa Clever Foxes - Colonia Akademie","isPartOf":{"@id":"https:\/\/colonia-claudia-akademie.de\/#website"},"primaryImageOfPage":{"@id":"https:\/\/colonia-claudia-akademie.de\/kursy-jezyka-angielskiego\/grupa-clever-foxes\/#primaryimage"},"image":{"@id":"https:\/\/colonia-claudia-akademie.de\/kursy-jezyka-angielskiego\/grupa-clever-foxes\/#primaryimage"},"thumbnailUrl":"https:\/\/colonia-claudia-akademie.de\/wp-content\/uploads\/2023\/05\/Naglowek-kurs.jpg","datePublished":"2025-08-28T10:06:11+00:00","dateModified":"2025-08-28T13:00:18+00:00","breadcrumb":{"@id":"https:\/\/colonia-claudia-akademie.de\/kursy-jezyka-angielskiego\/grupa-clever-foxes\/#breadcrumb"},"inLanguage":"de","potentialAction":[{"@type":"ReadAction","target":["https:\/\/colonia-claudia-akademie.de\/kursy-jezyka-angielskiego\/grupa-clever-foxes\/"]}]},{"@type":"ImageObject","inLanguage":"de","@id":"https:\/\/colonia-claudia-akademie.de\/kursy-jezyka-angielskiego\/grupa-clever-foxes\/#primaryimage","url":"https:\/\/colonia-claudia-akademie.de\/wp-content\/uploads\/2023\/05\/Naglowek-kurs.jpg","contentUrl":"https:\/\/colonia-claudia-akademie.de\/wp-content\/uploads\/2023\/05\/Naglowek-kurs.jpg","width":2048,"height":1080},{"@type":"BreadcrumbList","@id":"https:\/\/colonia-claudia-akademie.de\/kursy-jezyka-angielskiego\/grupa-clever-foxes\/#breadcrumb","itemListElement":[{"@type":"ListItem","position":1,"name":"Strona g\u0142\u00f3wna","item":"https:\/\/colonia-claudia-akademie.de\/"},{"@type":"ListItem","position":2,"name":"Kursy j\u0119zyka angielskiego","item":"https:\/\/colonia-claudia-akademie.de\/kursy-jezyka-angielskiego\/"},{"@type":"ListItem","position":3,"name":"Grupa Clever Foxes"}]},{"@type":"WebSite","@id":"https:\/\/colonia-claudia-akademie.de\/#website","url":"https:\/\/colonia-claudia-akademie.de\/","name":"Colonia Akademie","description":"Claudia Brymm","publisher":{"@id":"https:\/\/colonia-claudia-akademie.de\/#organization"},"potentialAction":[{"@type":"SearchAction","target":{"@type":"EntryPoint","urlTemplate":"https:\/\/colonia-claudia-akademie.de\/?s={search_term_string}"},"query-input":"required name=search_term_string"}],"inLanguage":"de"},{"@type":"Organization","@id":"https:\/\/colonia-claudia-akademie.de\/#organization","name":"Colonia Claudia Akademie","url":"https:\/\/colonia-claudia-akademie.de\/","logo":{"@type":"ImageObject","inLanguage":"de","@id":"https:\/\/colonia-claudia-akademie.de\/#\/schema\/logo\/image\/","url":"https:\/\/colonia-claudia-akademie.de\/wp-content\/uploads\/2022\/08\/cropped-Hallo.png","contentUrl":"https:\/\/colonia-claudia-akademie.de\/wp-content\/uploads\/2022\/08\/cropped-Hallo.png","width":2040,"height":1136,"caption":"Colonia Claudia Akademie"},"image":{"@id":"https:\/\/colonia-claudia-akademie.de\/#\/schema\/logo\/image\/"}}]}},"_links":{"self":[{"href":"https:\/\/colonia-claudia-akademie.de\/de\/wp-json\/wp\/v2\/pages\/2884"}],"collection":[{"href":"https:\/\/colonia-claudia-akademie.de\/de\/wp-json\/wp\/v2\/pages"}],"about":[{"href":"https:\/\/colonia-claudia-akademie.de\/de\/wp-json\/wp\/v2\/types\/page"}],"author":[{"embeddable":true,"href":"https:\/\/colonia-claudia-akademie.de\/de\/wp-json\/wp\/v2\/users\/2"}],"replies":[{"embeddable":true,"href":"https:\/\/colonia-claudia-akademie.de\/de\/wp-json\/wp\/v2\/comments?post=2884"}],"version-history":[{"count":17,"href":"https:\/\/colonia-claudia-akademie.de\/de\/wp-json\/wp\/v2\/pages\/2884\/revisions"}],"predecessor-version":[{"id":2925,"href":"https:\/\/colonia-claudia-akademie.de\/de\/wp-json\/wp\/v2\/pages\/2884\/revisions\/2925"}],"up":[{"embeddable":true,"href":"https:\/\/colonia-claudia-akademie.de\/de\/wp-json\/wp\/v2\/pages\/2134"}],"wp:featuredmedia":[{"embeddable":true,"href":"https:\/\/colonia-claudia-akademie.de\/de\/wp-json\/wp\/v2\/media\/2087"}],"wp:attachment":[{"href":"https:\/\/colonia-claudia-akademie.de\/de\/wp-json\/wp\/v2\/media?parent=2884"}],"curies":[{"name":"wp","href":"https:\/\/api.w.org\/{rel}","templated":true}]}}