{"id":3,"date":"2022-05-06T11:01:53","date_gmt":"2022-05-06T09:01:53","guid":{"rendered":"https:\/\/colonia-claudia-akademie.de\/?page_id=3"},"modified":"2023-06-15T16:45:44","modified_gmt":"2023-06-15T14:45:44","slug":"polityka-prywatnosci","status":"publish","type":"page","link":"https:\/\/colonia-claudia-akademie.de\/de\/polityka-prywatnosci\/","title":{"rendered":"Polityka prywatno\u015bci"},"content":{"rendered":"<p>Data aktualizacji: 15.06.2023<\/p>\n\n\n\n<h3 class=\"wp-block-heading\">Polityka prywatno\u015bci <\/h3>\n\n\n\n<h6 class=\"wp-block-heading\">Postanowienia og\u00f3lne<\/h6>\n\n\n\n<ol>\n<li>Niniejsza Polityka Prywatno\u015bci wyja\u015bnia zasady zbierania i wykorzystywania przez nas danych osobowych zgodnie z przepisami rozporz\u0105dzenia Parlamentu Europejskiego i Rady (UE) z dnia 27 kwietnia 2016 r. w sprawie ochrony os\u00f3b fizycznych w zwi\u0105zku z przetwarzaniem danych osobowych i w sprawie swobodnego przep\u0142ywu takich danych oraz uchylenia dyrektywy 95\/46\/WE (zwany dalej&nbsp;RODO).<\/li>\n\n\n\n<li>Opisujemy w jakim celu i na jakiej podstawie przetwarzamy Twoje dane osobowe, a tak\u017ce jakie prawa przys\u0142uguj\u0105 Ci w zwi\u0105zku z przetwarzaniem przez nas danych.<\/li>\n\n\n\n<li>Korzystaj\u0105c z witryny www.colonia-claudia-akademie.de (dalej Witryna) mo\u017cesz przekaza\u0107 nam swoje dane osobowe. Przywi\u0105zujemy du\u017c\u0105 wag\u0119 do ich ochrony i dbamy o Twoj\u0105 prywatno\u015b\u0107. Dokument, kt\u00f3ry czytasz, zawiera informacje o&nbsp;zasadach, na jakich przetwarzamy Twoje dane osobowe i przys\u0142uguj\u0105cych Ci w zwi\u0105zku z tym uprawnieniach.<\/li>\n\n\n\n<li>Administratorem Twoich danych osobowych jest Claudia Brymm prowadz\u0105ca dzia\u0142alno\u015b\u0107 gospodarcz\u0105 pod firm\u0105 Colonia Claudia Akademie Claudia Brymm z siedzib\u0105 przy ul. Rogozi\u0144skiego 18D, 44-105 Gliwice, wpisan\u0105 do Centralnej Ewidencji i Informacji o Dzia\u0142alno\u015bci Gospodarczej (CEIDIG) prowadzonej przez ministra w\u0142a\u015bciwego ds. gospodarki, NIP 9691651927, REGON 522239518.<\/li>\n\n\n\n<li>Z Administratorem mo\u017cesz skontaktowa\u0107 si\u0119 w jeden z nast\u0119puj\u0105cych sposob\u00f3w:\n<ul>\n<li>prze\u015blij email na adres&nbsp;claudiabrymm@gmail.com,<\/li>\n\n\n\n<li>zadzwo\u0144 &nbsp;pod numer +48 796 258 533 lub<\/li>\n\n\n\n<li>wy\u015blij list na adres: Colonia Claudia Akademie Claudia Brymm, ul. Rogozi\u0144skiego 18D, 44-105 Gliwice.<\/li>\n<\/ul>\n<\/li>\n\n\n\n<li>Dane osobowe zbieramy w minimalnym mo\u017cliwym zakresie. Przy zbieraniu tych danych staramy si\u0119 zapewni\u0107 ich rzetelno\u015b\u0107 i aktualno\u015b\u0107. Je\u015bli zebrane dane osobowe przestan\u0105 by\u0107 niezb\u0119dne w danym celu i nie ma prawnego obowi\u0105zku ich przechowywania, w\u00f3wczas w miar\u0119 mo\u017cliwo\u015bci staramy si\u0119 je usun\u0105\u0107, zniszczy\u0107 lub trwale uniemo\u017cliwi\u0107 ich powi\u0105zanie z okre\u015blon\u0105 osob\u0105.<\/li>\n\n\n\n<li>Niniejsza Polityka Prywatno\u015bci stanowi cz\u0119\u015b\u0107 regulaminu (&#8220;Regulamin&#8221;) korzystania z Witryny. <\/li>\n<\/ol>\n\n\n\n<p><\/p>\n\n\n\n<h6 class=\"wp-block-heading\"><strong>Cele i zakres przetwarzania danych<\/strong><\/h6>\n\n\n\n<ol>\n<li>Twoje dane b\u0119dziemy przetwarza\u0107:\n<ul>\n<li>w celach kontaktowych;<\/li>\n\n\n\n<li>w celu rejestracji uczestnika na kurs j\u0119zykowy, przygotowania i zawarcia umowy uczestnictwa w kursie j\u0119zykowym;<\/li>\n\n\n\n<li>w celach technicznych przy u\u017cyciu plik\u00f3w cookies (ciasteczka techniczne), na podstawie realizacji prawnie uzasadnionego interesu Administratora zwi\u0105zanego z prawid\u0142owym dzia\u0142aniem i funkcjonowaniem Witryny;<\/li>\n\n\n\n<li>w celach statystycznych i analitycznych, je\u015bli wyrazi\u0142e\u015b zgod\u0119 na wykorzystanie przez nas plik\u00f3w cookies do cel\u00f3w analitycznych (ciasteczka analityczne);<\/li>\n\n\n\n<li>w celach marketingowych, je\u015bli wyrazi\u0142e\u015b zgod\u0119 na wykorzystanie przez nas plik\u00f3w cookies do cel\u00f3w marketingowych (ciasteczka marketingowe).<\/li>\n<\/ul>\n<\/li>\n\n\n\n<li>Przetwarzamy Twoje dane w zakresie:\n\n\n\n\n\n\n\n\n\n\n\n\n\n\n\n\n\n\n\n\n<ul>\n<li>je\u015bli prze\u015blesz nam wiadomo\u015b\u0107 drog\u0105 mailow\u0105 to b\u0119dziemy przetwarza\u0107 dane, kt\u00f3re b\u0119d\u0105 w tej wiadomo\u015bci zawarte. Przekazanie nam danych w ten spos\u00f3b nast\u0119puje dobrowolnie. W ka\u017cdym czasie mo\u017cesz zwr\u00f3ci\u0107 si\u0119 do nas z pro\u015bb\u0105 o usuni\u0119cie tych danych;<\/li>\n<\/ul>\n\n\n\n<ul>\n<li>w przypadku rejestracji na kurs j\u0119zykowy b\u0119dziemy przetwarza\u0107 dane, kt\u00f3re podasz w formularzu rejestracyjnym, a w szczeg\u00f3lno\u015bci: Twoje imi\u0119 i nazwisko, adres e-mail, nr telefonu, adres zamieszkania, imi\u0119 i nazwisko kursanta, wiek kursanta. Podanie danych osobowych jest dobrowolne, jednak\u017ce ich niepodanie uniemo\u017cliwi \u015bwiadczenie us\u0142ug;<\/li>\n<\/ul>\n\n\n\n<ul>\n<li> pozosta\u0142e dane, kt\u00f3re Administrator przetwarza to adres IP i inne dane zapisywane w plikach cookies. To Ty decydujesz w jakim zakresie b\u0119dziemy mogli wykorzysta\u0107 pliki cookies z Twoimi danymi. Szczeg\u00f3\u0142y dotycz\u0105ce plik\u00f3w cookies znajduj\u0105 si\u0119 w naszej <a href=\"https:\/\/colonia-claudia-akademie.de\/de\/polityka-plikow-cookies-eu\/\">Polityce plik\u00f3w cookies<\/a>. Przekazanie nam danych w ten spos\u00f3b nast\u0119puje dobrowolnie. W ka\u017cdym czasie mo\u017cesz zmieni\u0107 swoje preferencje. Mo\u017cesz to zrobi\u0107 w swojej przegl\u0105darce internetowej lub te\u017c po usuni\u0119ciu zapisanych plik\u00f3w cookies pochodz\u0105cych z naszej Witryny;<\/li>\n\n\n\n<li>API zewn\u0119trznych partner\u00f3w: Nasza strona mo\u017ce korzysta\u0107 z API (interfejs\u00f3w programistycznych aplikacji) dostarczanych przez zewn\u0119trznych partner\u00f3w w celu zintegrowania r\u00f3\u017cnych funkcjonalno\u015bci, takich jak mapy, us\u0142ugi analityczne, reklamowe czy media spo\u0142eczno\u015bciowe. Korzystanie z tych API mo\u017ce prowadzi\u0107 do tworzenia dodatkowych ciasteczek lub korzystania z istniej\u0105cych ciasteczek w celu przetwarzania danych u\u017cytkownik\u00f3w. Zewn\u0119trzni partnerzy mog\u0105 przechowywa\u0107 i przetwarza\u0107 te dane zgodnie z w\u0142asnymi politykami prywatno\u015bci.<\/li>\n<\/ul>\n<\/li>\n<\/ol>\n\n\n\n<h6 class=\"wp-block-heading\"><strong>Odbiorcy danych oraz zamiar przekazywania danych do Pa\u0144stwa spoza EOG lub organizacji mi\u0119dzynarodowej<\/strong><\/h6>\n\n\n\n<ol>\n<li>Odbiorcami Twoich danych osobowych s\u0105:\n\n\n\n\n\n\n\n\n\n\n\n\n\n\n\n\n\n\n\n\n<ul>\n<li>dostawcy us\u0142ug zaopatruj\u0105cy Administratora w rozwi\u0105zania techniczne, informatyczne, umo\u017cliwiaj\u0105ce prowadzenie Witryny i \u015bwiadczenie za jej po\u015brednictwem us\u0142ug (w szczeg\u00f3lno\u015bci dostawcy oprogramowania komputerowego, dostawcy poczty elektronicznej i hostingu);<\/li>\n\n\n\n<li>po\u015brednicy p\u0142atno\u015bci internetowych z kt\u00f3rych us\u0142ug korzystamy;<\/li>\n\n\n\n<li>podmioty \u015bwiadcz\u0105ce us\u0142ugi ksi\u0119gowe, finansowe, ubezpieczeniowe i administracyjne;<\/li>\n<\/ul>\n\n\n\n<ul>\n<li>organy publiczne, w tym s\u0105dy, na ich uzasadnione \u017c\u0105danie;<\/li>\n<\/ul>\n\n\n\n<ul>\n<li>dane r\u00f3wnie\u017c mog\u0105 by\u0107 przekazywane, podmiotom lub instytucjom uprawnionym do ich uzyskania na podstawie obowi\u0105zuj\u0105cego prawa np. organom \u015bcigania w razie wystosowania przez nie \u017c\u0105dania udost\u0119pnienia danych, na odpowiedniej podstawie prawnej (np. dla potrzeb tocz\u0105cego si\u0119 post\u0119powania karnego);<\/li>\n\n\n\n<li>inne podmioty, je\u015bli b\u0119dzie to wynika\u0107 z ustale\u0144 z Tob\u0105;<\/li>\n\n\n\n<li>je\u015bli wyrazi\u0142e\u015b zgod\u0119 na ciasteczka marketingowe, Twoje dane zapisane w plikach cookies, b\u0119d\u0105 przekazane do naszych partner\u00f3w reklamowych;<\/li>\n\n\n\n<li>je\u015bli wyrazi\u0142e\u015b zgod\u0119 na ciasteczka analityczne, Twoje dane zapisane w plikach cookies, b\u0119d\u0105 przetwarzane przez podmiot dostarczaj\u0105cy oprogramowanie do analizy ruchu naszej stronie (np. Google Analytics);<\/li>\n<\/ul>\n<\/li>\n\n\n\n<li>Twoje dane nie s\u0105 przekazywane do Pa\u0144stwa spoza EOG lub organizacji mi\u0119dzynarodowej.<\/li>\n<\/ol>\n\n\n\n<p><\/p>\n\n\n\n<h6 class=\"wp-block-heading\"><strong>Termin przechowywania danych<\/strong><\/h6>\n\n\n\n<ol>\n<li>Okres przetwarzania Twoich danych osobowych jest uzale\u017cniony od celu, w jakim dane s\u0105 przetwarzane.<\/li>\n\n\n\n<li>Je\u015bli przekaza\u0142e\u015b nam swoje dane w wiadomo\u015bci przes\u0142anej drog\u0105 mailow\u0105 lub za po\u015brednictwem formularza to Twoje dane b\u0119dziemy przetwarza\u0107 do momentu z\u0142o\u017cenia przez Ciebie \u017c\u0105dania usuni\u0119cia tych danych lub sprzeciwu wobec przetwarzania, ale r\u00f3wnie\u017c w przypadku, w kt\u00f3rym uznamy, \u017ce zrealizowali\u015bmy prawnie uzasadniony interes Administratora.<\/li>\n<\/ol>\n\n\n\n<p><\/p>\n\n\n\n<h6 class=\"wp-block-heading\"><strong>Prawa u\u017cytkownik\u00f3w<\/strong><\/h6>\n\n\n\n<ol>\n<li>W zwi\u0105zku z przetwarzaniem Twoich danych przys\u0142uguj\u0105 Ci nast\u0119puj\u0105ce prawa:\n<ul>\n<li>dost\u0119pu do tre\u015bci swoich danych;<\/li>\n\n\n\n<li>prawo ich sprostowania, usuni\u0119cia, ograniczenia przetwarzania;<\/li>\n\n\n\n<li>prawo do przenoszenia danych;<\/li>\n\n\n\n<li>prawo wniesienia sprzeciwu;<\/li>\n\n\n\n<li>prawo do cofni\u0119cia zgody na ich przetwarzanie w dowolnym momencie i w dowolnej formie, chyba \u017ce przetwarzanie Twoich danych odbywa si\u0119 w celu wykonywania umowy przez Administratora, w celu wywi\u0105zania si\u0119 przez Administratora z obowi\u0105zk\u00f3w prawnych wzgl\u0119dem instytucji pa\u0144stwowych lub w celu realizacji prawnie uzasadnionych interes\u00f3w Administratora.<\/li>\n<\/ul>\n<\/li>\n\n\n\n<li>Masz tak\u017ce prawo wniesienia skargi do Prezesa Urz\u0119du Ochrony Danych Osobowych (na adres Urz\u0119du Ochrony Danych Osobowych, ul. Stawki 2, 00-193 Warszawa).<\/li>\n\n\n\n<li>Wi\u0119cej informacji w przedmiocie ochrony danych osobowych  otrzymasz na stronie internetowej Urz\u0119du Ochrony Danych Osobowych:&nbsp;<a href=\"http:\/\/www.uodo.gov.pl\/\">www.uodo.gov.pl<\/a><\/li>\n<\/ol>\n\n\n\n<p><\/p>\n\n\n\n<h6 class=\"wp-block-heading\">Postanowienia ko\u0144cowe<\/h6>\n\n\n\n<ol>\n<li>W razie jakichkolwiek pyta\u0144, zastrze\u017ce\u0144 lub w\u0105tpliwo\u015bci, dotycz\u0105cych tre\u015bci niniejszej Polityki Prywatno\u015bci, lub sposobu w jaki przetwarzamy dane osobowe, jak r\u00f3wnie\u017c skargi dotycz\u0105ce tych kwestii, prosimy o przes\u0142anie wiadomo\u015bci poczt\u0105 elektroniczn\u0105 na adres mailowy wymieniony w niniejszej Polityce prywatno\u015bci.<\/li>\n\n\n\n<li>Zach\u0119camy przy tym, aby przed wniesieniem skargi w celu najszybszego i dogodnego rozwi\u0105zania wszelkich kwestii zwi\u0105zanych z Pa\u0144stwa danymi osobowymi skontaktowa\u0107 si\u0119 uprzednio z Administratorem i o ile b\u0119dzie to mo\u017cliwe t\u0105 drog\u0105 wyja\u015bni\u0107 w\u0105tpliwo\u015bci, czy rozwi\u0105za\u0107 powsta\u0142y problem.<\/li>\n\n\n\n<li>Ze swojej strony, dzi\u0119kujemy za zaufanie i do\u0142o\u017cymy wszelkich stara\u0144, by Twoje dane by\u0142y bezpieczne, a ich przetwarzanie przez nas zgodne z obowi\u0105zuj\u0105cym prawem.<\/li>\n\n\n\n<li>Administrator zastrzega sobie prawo do wprowadzenia koniecznych zmian oraz uaktualnie\u0144 do niniejszej Polityki prywatno\u015bci poprzez opublikowanie nowej tre\u015bci na naszej stronie internetowej. Po dokonaniu zmiany Polityka prywatno\u015bci uka\u017ce si\u0119 na stronie z now\u0105 dat\u0105.<\/li>\n<\/ol>\n\n\n\n<p><\/p>\n\n\n\n<p><\/p>\n\n\n\n<p><\/p>","protected":false},"excerpt":{"rendered":"<p>Data aktualizacji: 15.06.2023 Polityka prywatno\u015bci Postanowienia og\u00f3lne Cele i zakres przetwarzania danych Odbiorcy danych oraz zamiar przekazywania danych do Pa\u0144stwa spoza EOG lub organizacji mi\u0119dzynarodowej Termin przechowywania danych Prawa u\u017cytkownik\u00f3w Postanowienia ko\u0144cowe<\/p>","protected":false},"author":1,"featured_media":2087,"parent":0,"menu_order":6,"comment_status":"closed","ping_status":"closed","template":"","meta":{"footnotes":""},"yoast_head":"<!-- This site is optimized with the Yoast SEO plugin v22.7 - https:\/\/yoast.com\/wordpress\/plugins\/seo\/ -->\n<title>Polityka prywatno\u015bci - Colonia Akademie<\/title>\n<meta name=\"robots\" content=\"index, follow, max-snippet:-1, max-image-preview:large, max-video-preview:-1\" \/>\n<link rel=\"canonical\" href=\"https:\/\/colonia-claudia-akademie.de\/de\/polityka-prywatnosci\/\" \/>\n<meta property=\"og:locale\" content=\"de_DE\" \/>\n<meta property=\"og:type\" content=\"article\" \/>\n<meta property=\"og:title\" content=\"Polityka prywatno\u015bci - Colonia Akademie\" \/>\n<meta property=\"og:description\" content=\"Data aktualizacji: 15.06.2023 Polityka prywatno\u015bci Postanowienia og\u00f3lne Cele i zakres przetwarzania danych Odbiorcy danych oraz zamiar przekazywania danych do Pa\u0144stwa spoza EOG lub organizacji mi\u0119dzynarodowej Termin przechowywania danych Prawa u\u017cytkownik\u00f3w Postanowienia ko\u0144cowe\" \/>\n<meta property=\"og:url\" content=\"https:\/\/colonia-claudia-akademie.de\/de\/polityka-prywatnosci\/\" \/>\n<meta property=\"og:site_name\" content=\"Colonia Akademie\" \/>\n<meta property=\"article:modified_time\" content=\"2023-06-15T14:45:44+00:00\" \/>\n<meta property=\"og:image\" content=\"https:\/\/colonia-claudia-akademie.de\/wp-content\/uploads\/2023\/05\/Naglowek-kurs.jpg\" \/>\n\t<meta property=\"og:image:width\" content=\"2048\" \/>\n\t<meta property=\"og:image:height\" content=\"1080\" \/>\n\t<meta property=\"og:image:type\" content=\"image\/jpeg\" \/>\n<meta name=\"twitter:card\" content=\"summary_large_image\" \/>\n<meta name=\"twitter:label1\" content=\"Gesch\u00e4tzte Lesezeit\" \/>\n\t<meta name=\"twitter:data1\" content=\"7\u00a0Minuten\" \/>\n<script type=\"application\/ld+json\" class=\"yoast-schema-graph\">{\"@context\":\"https:\/\/schema.org\",\"@graph\":[{\"@type\":\"WebPage\",\"@id\":\"https:\/\/colonia-claudia-akademie.de\/polityka-prywatnosci\/\",\"url\":\"https:\/\/colonia-claudia-akademie.de\/polityka-prywatnosci\/\",\"name\":\"Polityka prywatno\u015bci - Colonia Akademie\",\"isPartOf\":{\"@id\":\"https:\/\/colonia-claudia-akademie.de\/#website\"},\"primaryImageOfPage\":{\"@id\":\"https:\/\/colonia-claudia-akademie.de\/polityka-prywatnosci\/#primaryimage\"},\"image\":{\"@id\":\"https:\/\/colonia-claudia-akademie.de\/polityka-prywatnosci\/#primaryimage\"},\"thumbnailUrl\":\"https:\/\/colonia-claudia-akademie.de\/wp-content\/uploads\/2023\/05\/Naglowek-kurs.jpg\",\"datePublished\":\"2022-05-06T09:01:53+00:00\",\"dateModified\":\"2023-06-15T14:45:44+00:00\",\"breadcrumb\":{\"@id\":\"https:\/\/colonia-claudia-akademie.de\/polityka-prywatnosci\/#breadcrumb\"},\"inLanguage\":\"de\",\"potentialAction\":[{\"@type\":\"ReadAction\",\"target\":[\"https:\/\/colonia-claudia-akademie.de\/polityka-prywatnosci\/\"]}]},{\"@type\":\"ImageObject\",\"inLanguage\":\"de\",\"@id\":\"https:\/\/colonia-claudia-akademie.de\/polityka-prywatnosci\/#primaryimage\",\"url\":\"https:\/\/colonia-claudia-akademie.de\/wp-content\/uploads\/2023\/05\/Naglowek-kurs.jpg\",\"contentUrl\":\"https:\/\/colonia-claudia-akademie.de\/wp-content\/uploads\/2023\/05\/Naglowek-kurs.jpg\",\"width\":2048,\"height\":1080},{\"@type\":\"BreadcrumbList\",\"@id\":\"https:\/\/colonia-claudia-akademie.de\/polityka-prywatnosci\/#breadcrumb\",\"itemListElement\":[{\"@type\":\"ListItem\",\"position\":1,\"name\":\"Strona g\u0142\u00f3wna\",\"item\":\"https:\/\/colonia-claudia-akademie.de\/\"},{\"@type\":\"ListItem\",\"position\":2,\"name\":\"Polityka prywatno\u015bci\"}]},{\"@type\":\"WebSite\",\"@id\":\"https:\/\/colonia-claudia-akademie.de\/#website\",\"url\":\"https:\/\/colonia-claudia-akademie.de\/\",\"name\":\"Colonia Akademie\",\"description\":\"Claudia Brymm\",\"publisher\":{\"@id\":\"https:\/\/colonia-claudia-akademie.de\/#organization\"},\"potentialAction\":[{\"@type\":\"SearchAction\",\"target\":{\"@type\":\"EntryPoint\",\"urlTemplate\":\"https:\/\/colonia-claudia-akademie.de\/?s={search_term_string}\"},\"query-input\":\"required name=search_term_string\"}],\"inLanguage\":\"de\"},{\"@type\":\"Organization\",\"@id\":\"https:\/\/colonia-claudia-akademie.de\/#organization\",\"name\":\"Colonia Claudia Akademie\",\"url\":\"https:\/\/colonia-claudia-akademie.de\/\",\"logo\":{\"@type\":\"ImageObject\",\"inLanguage\":\"de\",\"@id\":\"https:\/\/colonia-claudia-akademie.de\/#\/schema\/logo\/image\/\",\"url\":\"https:\/\/colonia-claudia-akademie.de\/wp-content\/uploads\/2022\/08\/cropped-Hallo.png\",\"contentUrl\":\"https:\/\/colonia-claudia-akademie.de\/wp-content\/uploads\/2022\/08\/cropped-Hallo.png\",\"width\":2040,\"height\":1136,\"caption\":\"Colonia Claudia Akademie\"},\"image\":{\"@id\":\"https:\/\/colonia-claudia-akademie.de\/#\/schema\/logo\/image\/\"}}]}<\/script>\n<!-- \/ Yoast SEO plugin. -->","yoast_head_json":{"title":"Polityka prywatno\u015bci - Colonia Akademie","robots":{"index":"index","follow":"follow","max-snippet":"max-snippet:-1","max-image-preview":"max-image-preview:large","max-video-preview":"max-video-preview:-1"},"canonical":"https:\/\/colonia-claudia-akademie.de\/de\/polityka-prywatnosci\/","og_locale":"de_DE","og_type":"article","og_title":"Polityka prywatno\u015bci - Colonia Akademie","og_description":"Data aktualizacji: 15.06.2023 Polityka prywatno\u015bci Postanowienia og\u00f3lne Cele i zakres przetwarzania danych Odbiorcy danych oraz zamiar przekazywania danych do Pa\u0144stwa spoza EOG lub organizacji mi\u0119dzynarodowej Termin przechowywania danych Prawa u\u017cytkownik\u00f3w Postanowienia ko\u0144cowe","og_url":"https:\/\/colonia-claudia-akademie.de\/de\/polityka-prywatnosci\/","og_site_name":"Colonia Akademie","article_modified_time":"2023-06-15T14:45:44+00:00","og_image":[{"width":2048,"height":1080,"url":"https:\/\/colonia-claudia-akademie.de\/wp-content\/uploads\/2023\/05\/Naglowek-kurs.jpg","type":"image\/jpeg"}],"twitter_card":"summary_large_image","twitter_misc":{"Gesch\u00e4tzte Lesezeit":"7\u00a0Minuten"},"schema":{"@context":"https:\/\/schema.org","@graph":[{"@type":"WebPage","@id":"https:\/\/colonia-claudia-akademie.de\/polityka-prywatnosci\/","url":"https:\/\/colonia-claudia-akademie.de\/polityka-prywatnosci\/","name":"Polityka prywatno\u015bci - Colonia Akademie","isPartOf":{"@id":"https:\/\/colonia-claudia-akademie.de\/#website"},"primaryImageOfPage":{"@id":"https:\/\/colonia-claudia-akademie.de\/polityka-prywatnosci\/#primaryimage"},"image":{"@id":"https:\/\/colonia-claudia-akademie.de\/polityka-prywatnosci\/#primaryimage"},"thumbnailUrl":"https:\/\/colonia-claudia-akademie.de\/wp-content\/uploads\/2023\/05\/Naglowek-kurs.jpg","datePublished":"2022-05-06T09:01:53+00:00","dateModified":"2023-06-15T14:45:44+00:00","breadcrumb":{"@id":"https:\/\/colonia-claudia-akademie.de\/polityka-prywatnosci\/#breadcrumb"},"inLanguage":"de","potentialAction":[{"@type":"ReadAction","target":["https:\/\/colonia-claudia-akademie.de\/polityka-prywatnosci\/"]}]},{"@type":"ImageObject","inLanguage":"de","@id":"https:\/\/colonia-claudia-akademie.de\/polityka-prywatnosci\/#primaryimage","url":"https:\/\/colonia-claudia-akademie.de\/wp-content\/uploads\/2023\/05\/Naglowek-kurs.jpg","contentUrl":"https:\/\/colonia-claudia-akademie.de\/wp-content\/uploads\/2023\/05\/Naglowek-kurs.jpg","width":2048,"height":1080},{"@type":"BreadcrumbList","@id":"https:\/\/colonia-claudia-akademie.de\/polityka-prywatnosci\/#breadcrumb","itemListElement":[{"@type":"ListItem","position":1,"name":"Strona g\u0142\u00f3wna","item":"https:\/\/colonia-claudia-akademie.de\/"},{"@type":"ListItem","position":2,"name":"Polityka prywatno\u015bci"}]},{"@type":"WebSite","@id":"https:\/\/colonia-claudia-akademie.de\/#website","url":"https:\/\/colonia-claudia-akademie.de\/","name":"Colonia Akademie","description":"Claudia Brymm","publisher":{"@id":"https:\/\/colonia-claudia-akademie.de\/#organization"},"potentialAction":[{"@type":"SearchAction","target":{"@type":"EntryPoint","urlTemplate":"https:\/\/colonia-claudia-akademie.de\/?s={search_term_string}"},"query-input":"required name=search_term_string"}],"inLanguage":"de"},{"@type":"Organization","@id":"https:\/\/colonia-claudia-akademie.de\/#organization","name":"Colonia Claudia Akademie","url":"https:\/\/colonia-claudia-akademie.de\/","logo":{"@type":"ImageObject","inLanguage":"de","@id":"https:\/\/colonia-claudia-akademie.de\/#\/schema\/logo\/image\/","url":"https:\/\/colonia-claudia-akademie.de\/wp-content\/uploads\/2022\/08\/cropped-Hallo.png","contentUrl":"https:\/\/colonia-claudia-akademie.de\/wp-content\/uploads\/2022\/08\/cropped-Hallo.png","width":2040,"height":1136,"caption":"Colonia Claudia Akademie"},"image":{"@id":"https:\/\/colonia-claudia-akademie.de\/#\/schema\/logo\/image\/"}}]}},"_links":{"self":[{"href":"https:\/\/colonia-claudia-akademie.de\/de\/wp-json\/wp\/v2\/pages\/3"}],"collection":[{"href":"https:\/\/colonia-claudia-akademie.de\/de\/wp-json\/wp\/v2\/pages"}],"about":[{"href":"https:\/\/colonia-claudia-akademie.de\/de\/wp-json\/wp\/v2\/types\/page"}],"author":[{"embeddable":true,"href":"https:\/\/colonia-claudia-akademie.de\/de\/wp-json\/wp\/v2\/users\/1"}],"replies":[{"embeddable":true,"href":"https:\/\/colonia-claudia-akademie.de\/de\/wp-json\/wp\/v2\/comments?post=3"}],"version-history":[{"count":10,"href":"https:\/\/colonia-claudia-akademie.de\/de\/wp-json\/wp\/v2\/pages\/3\/revisions"}],"predecessor-version":[{"id":2690,"href":"https:\/\/colonia-claudia-akademie.de\/de\/wp-json\/wp\/v2\/pages\/3\/revisions\/2690"}],"wp:featuredmedia":[{"embeddable":true,"href":"https:\/\/colonia-claudia-akademie.de\/de\/wp-json\/wp\/v2\/media\/2087"}],"wp:attachment":[{"href":"https:\/\/colonia-claudia-akademie.de\/de\/wp-json\/wp\/v2\/media?parent=3"}],"curies":[{"name":"wp","href":"https:\/\/api.w.org\/{rel}","templated":true}]}}